{"id":6,"date":"2023-10-28T14:36:00","date_gmt":"2023-10-28T12:36:00","guid":{"rendered":"http:\/\/serwer174332.lh.pl\/autoinstalator\/serwer174332.lh.pl\/wordpress39728\/?page_id=6"},"modified":"2023-10-28T14:36:00","modified_gmt":"2023-10-28T12:36:00","slug":"polityka-prywatnosci-2","status":"publish","type":"page","link":"https:\/\/ramante.pl\/index.php\/polityka-prywatnosci-2\/","title":{"rendered":"Polityka prywatno\u015bci"},"content":{"rendered":"\n<p>Zadaniem niniejszej Polityki Prywatno\u015bci jest poinformowanie w jaki spos\u00f3b i w jakim celu korzystam z danych osobowych jakie od Ciebie otrzyma\u0142em. Obiecuje dopilnowa\u0107, by zawsze by\u0142y u mnie bezpieczne.<\/p>\n\n\n\n<p>W dalszej cz\u0119\u015bci artyku\u0142u dowiesz si\u0119:<\/p>\n\n\n\n<ol class=\"wp-block-list\">\n<li>Kto jest Administratorem danych osobowych i jak si\u0119 z nim skontaktowa\u0107. (Kto, jak si\u0119 z nim skontaktowa\u0107, kto jest organem nadzorczym)<\/li>\n\n\n\n<li>Jakie Twoje dane osobowe mog\u0105 by\u0107 przetwarzane.<\/li>\n\n\n\n<li>W jakim celu mog\u0119 przetwarza\u0107 Twoje dane osobowe.<\/li>\n\n\n\n<li>Komu mog\u0119 przekazywa\u0107 Twoje dane osobowe.<\/li>\n\n\n\n<li>Jak d\u0142ugo b\u0119d\u0105 przechowywane Twoje dane osobowe.<\/li>\n\n\n\n<li>Jakie prawa Ci przys\u0142uguj\u0105, w zwi\u0105zku z przetwarzaniem Twoich danych osobowych.<\/li>\n<\/ol>\n\n\n\n<h2 class=\"wp-block-heading\">1.<\/h2>\n\n\n\n<p>Administratorem Twoich danych osobowych, czyli podmiotem, kt\u00f3ry decyduje w jakim celu i w jaki spos\u00f3b przetwarzane s\u0105 zebrane dane osobowe, jest sp\u00f3\u0142ka Ramante LTD z siedzib\u0105 w Londynie w Wielkiej Brytanii z siedzib\u0105 po adresem 167-169 Great Portland Street, W1W 5PF, 5th floor, o numerze rejestracyjnym w Companies House 07689616.<\/p>\n\n\n\n<p>Skontaktowa\u0107 si\u0119 mo\u017cesz ze mn\u0105, pisz\u0105c na adres&nbsp;<a href=\"mailto:ramantepl@gmail.com\">ramantepl@gmail.com<\/a>&nbsp;lub korzystaj\u0105c z zak\u0142adki \u201eKontakt\u201d dost\u0119pnej na mojej stronie.<\/p>\n\n\n\n<h2 class=\"wp-block-heading\">2.<\/h2>\n\n\n\n<p>Bezpiecze\u0144stwo Twoich danych osobowych jest dla mnie najwa\u017cniejsze, dlatego te\u017c staram si\u0119 zbiera\u0107 ich jak najmniej, by tym samym zmniejsza\u0107 ryzyko zwi\u0105zane z ich przetwarzaniem. Cz\u0119\u015b\u0107 z nich jest jednak niezb\u0119dna, by nasza wsp\u00f3\u0142praca by\u0142a mo\u017cliwa. Takimi danymi osobowymi s\u0105:<\/p>\n\n\n\n<ul class=\"wp-block-list\">\n<li>Twoje imi\u0119 i nazwisko lub nazwa firmy,<\/li>\n\n\n\n<li>Numer telefonu, adres e-mail, za pomoc\u0105 kt\u00f3rych mo\u017cemy skontaktowa\u0107 si\u0119 ze sob\u0105,<\/li>\n\n\n\n<li>Inne dane identyfikacyjne, jak numer NIP, adres lecz tylko wtedy, kiedy b\u0119dzie potrzeba zawarcia umowy lub wystawienia faktury.<\/li>\n<\/ul>\n\n\n\n<h2 class=\"wp-block-heading\">3.<\/h2>\n\n\n\n<p>Wymienione wy\u017cej dane osobowe przetwarzane s\u0105 w jasno okre\u015blonym celu i chc\u0119 by odbywa\u0142o si\u0119 to we wsp\u00f3\u0142pracy z Tob\u0105. Dane osobowe s\u0105 niezb\u0119dne abym m\u00f3g\u0142:<\/p>\n\n\n\n<ul class=\"wp-block-list\">\n<li>udzieli\u0107 Ci odpowiedzi na zadane pytanie przez formularz kontaktowy lub poczt\u0105 e-mail,<\/li>\n\n\n\n<li>komunikowa\u0107 si\u0119 z Tob\u0105 za pomoc\u0105 newslettera, o ile oczywi\u015bcie wyrazisz na to zgod\u0119,<\/li>\n\n\n\n<li>abym m\u00f3g\u0142 przygotowa\u0107 ofert\u0119 wsp\u00f3\u0142pracy, zgodn\u0105 z Twoimi wytycznymi,<\/li>\n\n\n\n<li>m\u00f3g\u0142 zawrze\u0107 z Tob\u0105 umow\u0119 i by\u015bmy p\u00f3\u017aniej mogli realizowa\u0107 nasz\u0105 wsp\u00f3\u0142prac\u0119,<\/li>\n\n\n\n<li>bym m\u00f3g\u0142 wystawi\u0107 rachunek lub faktur\u0119, w zwi\u0105zku z nasz\u0105 wsp\u00f3\u0142prac\u0105<\/li>\n<\/ul>\n\n\n\n<h2 class=\"wp-block-heading\">4.<\/h2>\n\n\n\n<p>Szanuje Twoje dane osobowe, dlatego b\u0119d\u0119 troszczy\u0107 si\u0119, by dost\u0119p do nich mia\u0142a jak najmniejsza ilo\u015b\u0107 os\u00f3b. Osobom trzecim mog\u0119 przekaza\u0107 je tylko w wybranych sytuacjach:<\/p>\n\n\n\n<ul class=\"wp-block-list\">\n<li>gdy wynika to z umowy z inn\u0105 firm\u0105 trzeci\u0105, kt\u00f3ra zajmuje si\u0119 dla nas przetwarzaniem danych, np. z Biurem Rachunkowym, kt\u00f3re by m\u00f3c rozliczy\u0107 moj\u0105 firm\u0119 podatkowo, musi mie\u0107 dost\u0119p do danych osobowych os\u00f3b fizycznych lub firm, z kt\u00f3rymi nawi\u0105za\u0142am faktyczn\u0105 wsp\u00f3\u0142prac\u0119.<\/li>\n\n\n\n<li>gdy wynika to z przepis\u00f3w prawa.<\/li>\n<\/ul>\n\n\n\n<p>W innych wypadkach, ka\u017cdorazowo b\u0119d\u0119 prosi\u0107 Ci\u0119 o zgod\u0119. Taka sytuacja mo\u017ce mie\u0107 miejsce np. wtedy, gdy podczas naszej wsp\u00f3\u0142pracy oka\u017ce si\u0119, \u017ce przyda\u0142aby si\u0119 nam, z powod\u00f3w biznesowych, porada czy kontakt do osoby trzeciej. Wtedy Twoje dane osobowe, w postaci numeru telefonu, imienia i nazwiska czy nazwy firmy, mog\u0119 przekaza\u0107 tylko, gdy wyrazisz na to zgod\u0119 pisemnie lub poprzez oficjaln\u0105 korespondencj\u0119 elektroniczn\u0105.<\/p>\n\n\n\n<h2 class=\"wp-block-heading\">5.<\/h2>\n\n\n\n<p>W zale\u017cno\u015bci od rodzaju naszej wsp\u00f3\u0142pracy, dane osobowe mog\u0105 by\u0107 przechowywane przez r\u00f3\u017cny czas. Dane osobowe zwi\u0105zane z newsletterem lub do innych cel\u00f3w marketingowych b\u0119d\u0105 przechowywane od momentu ich uzyskania, do czasu wycofania Twojej zgody.<br>Pozosta\u0142e dane osobowe, zwi\u0105zane z podpisanymi umowami b\u0119d\u0105 przechowywane do czasu ich zako\u0144czenia, a nast\u0119pnie przez okres wymagany przepisami prawa.<\/p>\n\n\n\n<h2 class=\"wp-block-heading\">6.<\/h2>\n\n\n\n<p>W zwi\u0105zku z przetwarzaniem Twoich danych, przys\u0142uguje Ci zakres praw, z kt\u00f3rych zawsze mo\u017cesz skorzysta\u0107:<\/p>\n\n\n\n<ul class=\"wp-block-list\">\n<li>dost\u0119p do danych osobowych \u2013 poprzez formularz kontaktowy lub wiadomo\u015b\u0107 mailow\u0105 mo\u017cesz dowiedzie\u0107 si\u0119 jakie Twoje dane osobowe przetwarzam,<\/li>\n\n\n\n<li>zmiana danych osobowych \u2013 w ka\u017cdej chwili masz prawo poprosi\u0107 o zmian\u0119 danych osobowych lub ich uaktualnienie,<\/li>\n\n\n\n<li>ograniczenie prawa do korzystania z danych osobowych \u2013 w ka\u017cdym momencie mo\u017cesz np. zrezygnowa\u0107 z wykorzystania Twoich danych w ramach newslettera, ale pozostawi\u0107 sw\u00f3j numer telefonu, bym m\u00f3g\u0142 si\u0119 z Tob\u0105 skontaktowa\u0107.<\/li>\n\n\n\n<li>przeniesienie danych \u2013 w wyj\u0105tkowych sytuacjach mo\u017cesz poprosi\u0107, bym przenios\u0142a Twoje dane bezpo\u015brednio do innego Administratora danych osobowych,<\/li>\n\n\n\n<li>odwo\u0142anie zgody na przetwarzanie \u2013 je\u017celi uznasz, \u017ce nie chcesz bym przetwarza\u0142 ju\u017c Twoje dane osobowe, mo\u017cesz wycofa\u0107 swoj\u0105 zgod\u0119,<\/li>\n\n\n\n<li>wniesienie skargi do organu nadzorczego \u2013 je\u017celi uznasz, \u017ce przetwarzam Twoje dane osobowe niezgodnie z prawem, masz prawo wnie\u015b\u0107 skarg\u0119 bezpo\u015brednio do Prezesa Urz\u0119du Ochrony Danych Osobowych<\/li>\n\n\n\n<li>usuni\u0119cie danych \u2013 masz prawo zg\u0142osi\u0107 ch\u0119\u0107, bym usun\u0119\u0142a z serwer\u00f3w i wszelkich baz danych Twoje dane osobowe. Wszystkie te prawa przys\u0142uguj\u0105 Ci w ka\u017cdym momencie od chwili, gdy udost\u0119pni\u0142e\u015b mi pierwsze dane osobowe. Nale\u017cy jednak pami\u0119ta\u0107, \u017ce nie zawsze jest to prawo bezwzgl\u0119dnie stosowane. W niekt\u00f3rych wypadkach, pomimo pro\u015bby np. o usuni\u0119cie danych, nie b\u0119d\u0119 m\u00f3g\u0142 tego zrobi\u0107 w pe\u0142nym zakresie, je\u017celi prawo b\u0119dzie wymaga\u0142o, bym z powodu przepis\u00f3w, musia\u0142 zachowa\u0107 cz\u0119\u015b\u0107 danych.<\/li>\n<\/ul>\n\n\n\n<p>Dzi\u0119kuj\u0119, \u017ce dotar\u0142e\u015b do ko\u0144ca Polityki Prywatno\u015bci. Ciesz\u0119 si\u0119, \u017ce podobnie jak dla mnie, dla Ciebie te\u017c wa\u017cne jest bezpiecze\u0144stwo danych osobowych. W razie jakichkolwiek pyta\u0144, zach\u0119cam do kontaktu przez formularz kontaktowy lub wiadomo\u015b\u0107 mailow\u0105.<\/p>\n\n\n\n<h2 class=\"wp-block-heading\">Polityka plik\u00f3w Cookies<\/h2>\n\n\n\n<p>Pliki \u201ecookie\u201d, w Polsce zwane cz\u0119sto \u201eciasteczkami\u201d to pliki tekstowe, kt\u00f3re przegl\u0105darka internetowa zapisuje na Twoim komputerze, podczas korzystania z tych stron internetowych.<br>\u201eCiasteczka\u201d pozwalaj\u0105 zbiera\u0107 dane statystyczne dotycz\u0105ce tego kto odwiedza stron\u0119 oraz pomagaj\u0105 w dostosowaniu tej strony pod Twoje upodobania. To w\u0142a\u015bnie dzi\u0119ki tym \u201eciasteczkom\u201d identyfikowane s\u0105 poszczeg\u00f3lne komputery, laptopy, smartfony lub inne urz\u0105dzenia za pomoc\u0105 kt\u00f3rych odwiedzasz t\u0119 stron\u0119. Ich dzia\u0142anie mog\u0142e\u015b zauwa\u017cy\u0107 tak\u017ce na innych stronach, gdzie podczas powt\u00f3rnych odwiedzin na danej witrynie, przegl\u0105darka \u201epami\u0119ta\u0142a\u201d o tym, \u017ce ju\u017c tam wcze\u015bniej by\u0142e\u015b.<\/p>\n\n\n\n<p>W wi\u0119kszo\u015bci przegl\u0105darek internetowych domy\u015blnie ustawiona jest zgoda na przechowywanie ciasteczek na urz\u0105dzeniu ko\u0144cowym. W ka\u017cdej chwili mo\u017cesz zmieni\u0107 ustawienia dotycz\u0105ce zapisywania plik\u00f3w cookies. Aby to uczyni\u0107 nale\u017cy wej\u015b\u0107 w ustawienia przegl\u0105darki i zaznaczy\u0107 odpowiedni\u0105 opcj\u0119. W ten sam spos\u00f3b mo\u017cna te\u017c usun\u0105\u0107 dotychczas zebrane przez Twoj\u0105 przegl\u0105dark\u0119 \u201eciasteczka\u201d.<\/p>\n","protected":false},"excerpt":{"rendered":"<p>Zadaniem niniejszej Polityki Prywatno\u015bci jest poinformowanie w jaki spos\u00f3b i w jakim celu korzystam z danych osobowych jakie od Ciebie otrzyma\u0142em. Obiecuje dopilnowa\u0107, by zawsze by\u0142y u mnie bezpieczne. W dalszej cz\u0119\u015bci artyku\u0142u dowiesz si\u0119: 1. Administratorem Twoich danych osobowych, czyli podmiotem, kt\u00f3ry decyduje w jakim celu i w jaki spos\u00f3b przetwarzane s\u0105 zebrane dane [&hellip;]<\/p>\n","protected":false},"author":1,"featured_media":0,"parent":0,"menu_order":0,"comment_status":"closed","ping_status":"closed","template":"","meta":{"footnotes":""},"class_list":["post-6","page","type-page","status-publish","hentry"],"blocksy_meta":[],"_links":{"self":[{"href":"https:\/\/ramante.pl\/index.php\/wp-json\/wp\/v2\/pages\/6","targetHints":{"allow":["GET"]}}],"collection":[{"href":"https:\/\/ramante.pl\/index.php\/wp-json\/wp\/v2\/pages"}],"about":[{"href":"https:\/\/ramante.pl\/index.php\/wp-json\/wp\/v2\/types\/page"}],"author":[{"embeddable":true,"href":"https:\/\/ramante.pl\/index.php\/wp-json\/wp\/v2\/users\/1"}],"replies":[{"embeddable":true,"href":"https:\/\/ramante.pl\/index.php\/wp-json\/wp\/v2\/comments?post=6"}],"version-history":[{"count":1,"href":"https:\/\/ramante.pl\/index.php\/wp-json\/wp\/v2\/pages\/6\/revisions"}],"predecessor-version":[{"id":8,"href":"https:\/\/ramante.pl\/index.php\/wp-json\/wp\/v2\/pages\/6\/revisions\/8"}],"wp:attachment":[{"href":"https:\/\/ramante.pl\/index.php\/wp-json\/wp\/v2\/media?parent=6"}],"curies":[{"name":"wp","href":"https:\/\/api.w.org\/{rel}","templated":true}]}}