{"id":44,"date":"2023-10-28T20:32:08","date_gmt":"2023-10-28T18:32:08","guid":{"rendered":"http:\/\/serwer174332.lh.pl\/autoinstalator\/serwer174332.lh.pl\/wordpress39728\/?page_id=44"},"modified":"2025-10-17T14:24:39","modified_gmt":"2025-10-17T12:24:39","slug":"cennik","status":"publish","type":"page","link":"https:\/\/ramante.pl\/index.php\/cennik\/","title":{"rendered":"Cennik"},"content":{"rendered":"\n<div class=\"wp-block-columns is-layout-flex wp-container-core-columns-is-layout-28f84493 wp-block-columns-is-layout-flex\">\n<div class=\"wp-block-column is-layout-flow wp-block-column-is-layout-flow\" style=\"flex-basis:33.33%\">\n<figure class=\"wp-block-image size-large\"><img fetchpriority=\"high\" decoding=\"async\" width=\"1024\" height=\"1024\" src=\"http:\/\/serwer174332.lh.pl\/autoinstalator\/serwer174332.lh.pl\/wordpress39728\/wp-content\/uploads\/2023\/11\/1-Hipnoza-Michal-Miodonski-1024x1024.jpg\" alt=\"\" class=\"wp-image-130\" srcset=\"https:\/\/ramante.pl\/wp-content\/uploads\/2023\/11\/1-Hipnoza-Michal-Miodonski-1024x1024.jpg 1024w, https:\/\/ramante.pl\/wp-content\/uploads\/2023\/11\/1-Hipnoza-Michal-Miodonski-300x300.jpg 300w, https:\/\/ramante.pl\/wp-content\/uploads\/2023\/11\/1-Hipnoza-Michal-Miodonski-150x150.jpg 150w, https:\/\/ramante.pl\/wp-content\/uploads\/2023\/11\/1-Hipnoza-Michal-Miodonski-768x768.jpg 768w, https:\/\/ramante.pl\/wp-content\/uploads\/2023\/11\/1-Hipnoza-Michal-Miodonski-600x600.jpg 600w, https:\/\/ramante.pl\/wp-content\/uploads\/2023\/11\/1-Hipnoza-Michal-Miodonski-100x100.jpg 100w, https:\/\/ramante.pl\/wp-content\/uploads\/2023\/11\/1-Hipnoza-Michal-Miodonski.jpg 1080w\" sizes=\"(max-width: 1024px) 100vw, 1024px\" \/><\/figure>\n<\/div>\n\n\n\n<div class=\"wp-block-column is-layout-flow wp-block-column-is-layout-flow\" style=\"flex-basis:66.66%\">\n<h2 class=\"wp-block-heading has-text-align-center\">Coaching i mentoring indywidualny<\/h2>\n\n\n\n<figure class=\"wp-block-table\"><table><tbody><tr><td><strong>Ilo\u015b\u0107 sesji<\/strong><\/td><td><strong>Cena pakietu<\/strong><\/td><td><strong>Koszt sesji<\/strong><\/td><td><strong>Termin wa\u017cno\u015bci pakietu<\/strong><\/td><\/tr><tr><td>25<\/td><td>5000 z\u0142otych<\/td><td>200 z\u0142otych<\/td><td>12 miesi\u0119cy<\/td><\/tr><tr><td>10<\/td><td>4000 z\u0142otych<\/td><td>400 z\u0142otych<\/td><td>4 miesi\u0105ce<\/td><\/tr><tr><td>5<\/td><td>3500 z\u0142otych<\/td><td>700 z\u0142otych<\/td><td>2 miesi\u0105ce<\/td><\/tr><tr><td>1<\/td><td>1000 z\u0142otych<\/td><td>1000 z\u0142otych<\/td><td><\/td><\/tr><\/tbody><\/table><\/figure>\n\n\n\n<p>Sukces, kt\u00f3ry chcesz osi\u0105gn\u0105\u0107, pozostawi\u0142 \u015blady. Najszybsz\u0105 drog\u0105 do osi\u0105gni\u0119cia tego sukcesu jest dla Ciebie przej\u015bcie tej drogi z coachem i mentorem, kt\u00f3ry zawodowo poprowadzi Ci\u0119 przez przemian\u0119 osobist\u0105 i zawodow\u0105.<\/p>\n<\/div>\n<\/div>\n\n\n\n<div class=\"wp-block-columns is-layout-flex wp-container-core-columns-is-layout-28f84493 wp-block-columns-is-layout-flex\">\n<div class=\"wp-block-column is-layout-flow wp-block-column-is-layout-flow\" style=\"flex-basis:66.66%\">\n<h2 class=\"wp-block-heading has-text-align-center\">Sesje Hipnozy<\/h2>\n\n\n\n<figure class=\"wp-block-table\"><table><tbody><tr><td>Ilo\u015b\u0107 sesji<\/td><td>Cena pakietu<\/td><td>Koszt sesji<\/td><td>Termin wa\u017cno\u015bci pakietu<\/td><\/tr><tr><td>1<\/td><td>700 z\u0142otych<\/td><td>700 z\u0142otych<\/td><td><\/td><\/tr><tr><td>3<\/td><td>1800 z\u0142otych<\/td><td>600 z\u0142otych<\/td><td>6 miesi\u0119cy<\/td><\/tr><\/tbody><\/table><figcaption class=\"wp-element-caption\">* po wykorzystaniu pakietu 3 sesji ka\u017cda kolejne sesje do 2 miesi\u0119cy od poprzedniej pozostaje w cenie 700 z\u0142otych<\/figcaption><\/figure>\n\n\n\n<h2 class=\"wp-block-heading has-text-align-center\">Medytacja prowadzona indywidualna<\/h2>\n\n\n\n<figure class=\"wp-block-table\"><table><tbody><tr><td>Indywidualnie przygotowana medytacja prowadzona z nagraniem<\/td><td>450 z\u0142otych<\/td><\/tr><\/tbody><\/table><\/figure>\n<\/div>\n\n\n\n<div class=\"wp-block-column is-layout-flow wp-block-column-is-layout-flow\" style=\"flex-basis:33.33%\">\n<figure class=\"wp-block-image size-large\"><img decoding=\"async\" width=\"1024\" height=\"1024\" src=\"http:\/\/serwer174332.lh.pl\/autoinstalator\/serwer174332.lh.pl\/wordpress39728\/wp-content\/uploads\/2023\/11\/3-Hipnoza-Michal-Miodonski-1024x1024.jpg\" alt=\"\" class=\"wp-image-133\" srcset=\"https:\/\/ramante.pl\/wp-content\/uploads\/2023\/11\/3-Hipnoza-Michal-Miodonski-1024x1024.jpg 1024w, https:\/\/ramante.pl\/wp-content\/uploads\/2023\/11\/3-Hipnoza-Michal-Miodonski-300x300.jpg 300w, https:\/\/ramante.pl\/wp-content\/uploads\/2023\/11\/3-Hipnoza-Michal-Miodonski-150x150.jpg 150w, https:\/\/ramante.pl\/wp-content\/uploads\/2023\/11\/3-Hipnoza-Michal-Miodonski-768x768.jpg 768w, https:\/\/ramante.pl\/wp-content\/uploads\/2023\/11\/3-Hipnoza-Michal-Miodonski-600x600.jpg 600w, https:\/\/ramante.pl\/wp-content\/uploads\/2023\/11\/3-Hipnoza-Michal-Miodonski-100x100.jpg 100w, https:\/\/ramante.pl\/wp-content\/uploads\/2023\/11\/3-Hipnoza-Michal-Miodonski.jpg 1080w\" sizes=\"(max-width: 1024px) 100vw, 1024px\" \/><\/figure>\n<\/div>\n<\/div>\n\n\n\n<h2 class=\"wp-block-heading has-text-align-center\">Kursy i szkolenia<\/h2>\n\n\n\n<div class=\"wp-block-columns is-layout-flex wp-container-core-columns-is-layout-28f84493 wp-block-columns-is-layout-flex\">\n<div class=\"wp-block-column is-layout-flow wp-block-column-is-layout-flow\" style=\"flex-basis:33.33%\">\n<figure class=\"wp-block-image size-large\"><img decoding=\"async\" width=\"1024\" height=\"1024\" src=\"http:\/\/serwer174332.lh.pl\/autoinstalator\/serwer174332.lh.pl\/wordpress39728\/wp-content\/uploads\/2023\/11\/Wystapienia-publiczne-Michal-Miodonski-1024x1024.jpg\" alt=\"\" class=\"wp-image-136\" srcset=\"https:\/\/ramante.pl\/wp-content\/uploads\/2023\/11\/Wystapienia-publiczne-Michal-Miodonski-1024x1024.jpg 1024w, https:\/\/ramante.pl\/wp-content\/uploads\/2023\/11\/Wystapienia-publiczne-Michal-Miodonski-300x300.jpg 300w, https:\/\/ramante.pl\/wp-content\/uploads\/2023\/11\/Wystapienia-publiczne-Michal-Miodonski-150x150.jpg 150w, https:\/\/ramante.pl\/wp-content\/uploads\/2023\/11\/Wystapienia-publiczne-Michal-Miodonski-768x768.jpg 768w, https:\/\/ramante.pl\/wp-content\/uploads\/2023\/11\/Wystapienia-publiczne-Michal-Miodonski-600x600.jpg 600w, https:\/\/ramante.pl\/wp-content\/uploads\/2023\/11\/Wystapienia-publiczne-Michal-Miodonski-100x100.jpg 100w, https:\/\/ramante.pl\/wp-content\/uploads\/2023\/11\/Wystapienia-publiczne-Michal-Miodonski.jpg 1080w\" sizes=\"(max-width: 1024px) 100vw, 1024px\" \/><\/figure>\n<\/div>\n\n\n\n<div class=\"wp-block-column is-layout-flow wp-block-column-is-layout-flow\" style=\"flex-basis:66.66%\">\n<div class=\"wp-block-buttons is-content-justification-center is-layout-flex wp-container-core-buttons-is-layout-a89b3969 wp-block-buttons-is-layout-flex\">\n<div class=\"wp-block-button\"><a class=\"wp-block-button__link has-large-font-size has-text-align-center has-custom-font-size wp-element-button\" href=\"https:\/\/eduj.pl\/produkt\/autohipnoza_w_praktyce?ref=KsrtML6CrpBkm5Fz\" style=\"border-radius:25px\" target=\"_blank\" rel=\"noreferrer noopener\">Kurs Autohipnoza dla ka\u017cdego<\/a><\/div>\n<\/div>\n\n\n\n<div class=\"wp-block-columns is-layout-flex wp-container-core-columns-is-layout-28f84493 wp-block-columns-is-layout-flex\">\n<div class=\"wp-block-column is-layout-flow wp-block-column-is-layout-flow\" style=\"flex-basis:66.66%\">\n<h4 class=\"wp-block-heading\">Kursy i szkolenia online<\/h4>\n\n\n\n<h4 class=\"wp-block-heading\">Kursu i szkolenia stacjonarne<\/h4>\n\n\n\n<h4 class=\"wp-block-heading\">Wyst\u0105pienia publiczne<\/h4>\n<\/div>\n\n\n\n<div class=\"wp-block-column is-layout-flow wp-block-column-is-layout-flow\" style=\"flex-basis:33.33%\">\n<h5 class=\"wp-block-heading has-text-align-center\">Skontaktuj si\u0119 w celu om\u00f3wienia i wyceny indywidualnej<\/h5>\n<\/div>\n<\/div>\n<\/div>\n<\/div>\n","protected":false},"excerpt":{"rendered":"<p>Coaching i mentoring indywidualny Ilo\u015b\u0107 sesji Cena pakietu Koszt sesji Termin wa\u017cno\u015bci pakietu 25 5000 z\u0142otych 200 z\u0142otych 12 miesi\u0119cy 10 4000 z\u0142otych 400 z\u0142otych 4 miesi\u0105ce 5 3500 z\u0142otych 700 z\u0142otych 2 miesi\u0105ce 1 1000 z\u0142otych 1000 z\u0142otych Sukces, kt\u00f3ry chcesz osi\u0105gn\u0105\u0107, pozostawi\u0142 \u015blady. Najszybsz\u0105 drog\u0105 do osi\u0105gni\u0119cia tego sukcesu jest dla Ciebie przej\u015bcie [&hellip;]<\/p>\n","protected":false},"author":1,"featured_media":0,"parent":0,"menu_order":0,"comment_status":"closed","ping_status":"closed","template":"","meta":{"footnotes":""},"class_list":["post-44","page","type-page","status-publish","hentry"],"blocksy_meta":[],"_links":{"self":[{"href":"https:\/\/ramante.pl\/index.php\/wp-json\/wp\/v2\/pages\/44","targetHints":{"allow":["GET"]}}],"collection":[{"href":"https:\/\/ramante.pl\/index.php\/wp-json\/wp\/v2\/pages"}],"about":[{"href":"https:\/\/ramante.pl\/index.php\/wp-json\/wp\/v2\/types\/page"}],"author":[{"embeddable":true,"href":"https:\/\/ramante.pl\/index.php\/wp-json\/wp\/v2\/users\/1"}],"replies":[{"embeddable":true,"href":"https:\/\/ramante.pl\/index.php\/wp-json\/wp\/v2\/comments?post=44"}],"version-history":[{"count":10,"href":"https:\/\/ramante.pl\/index.php\/wp-json\/wp\/v2\/pages\/44\/revisions"}],"predecessor-version":[{"id":345,"href":"https:\/\/ramante.pl\/index.php\/wp-json\/wp\/v2\/pages\/44\/revisions\/345"}],"wp:attachment":[{"href":"https:\/\/ramante.pl\/index.php\/wp-json\/wp\/v2\/media?parent=44"}],"curies":[{"name":"wp","href":"https:\/\/api.w.org\/{rel}","templated":true}]}}