{"id":42,"date":"2023-10-28T20:31:29","date_gmt":"2023-10-28T18:31:29","guid":{"rendered":"http:\/\/serwer174332.lh.pl\/autoinstalator\/serwer174332.lh.pl\/wordpress39728\/?page_id=42"},"modified":"2023-10-29T15:46:55","modified_gmt":"2023-10-29T14:46:55","slug":"marketing-bezposredni","status":"publish","type":"page","link":"https:\/\/ramante.pl\/index.php\/marketing-bezposredni\/","title":{"rendered":"Marketing Bezpo\u015bredni"},"content":{"rendered":"\n<h1 class=\"wp-block-heading\">Co to jest marketing bezpo\u015bredni?<\/h1>\n\n\n\n<div class=\"wp-block-columns is-layout-flex wp-container-core-columns-is-layout-28f84493 wp-block-columns-is-layout-flex\">\n<div class=\"wp-block-column is-layout-flow wp-block-column-is-layout-flow\" style=\"flex-basis:33.33%\">\n<figure class=\"wp-block-image size-full\"><img fetchpriority=\"high\" decoding=\"async\" width=\"600\" height=\"1000\" src=\"http:\/\/serwer174332.lh.pl\/autoinstalator\/serwer174332.lh.pl\/wordpress39728\/wp-content\/uploads\/2023\/10\/Coaching-w-pelni-z-Michalem-MLM-coaching.jpg\" alt=\"\" class=\"wp-image-107\" srcset=\"https:\/\/ramante.pl\/wp-content\/uploads\/2023\/10\/Coaching-w-pelni-z-Michalem-MLM-coaching.jpg 600w, https:\/\/ramante.pl\/wp-content\/uploads\/2023\/10\/Coaching-w-pelni-z-Michalem-MLM-coaching-180x300.jpg 180w\" sizes=\"(max-width: 600px) 100vw, 600px\" \/><\/figure>\n<\/div>\n\n\n\n<div class=\"wp-block-column is-layout-flow wp-block-column-is-layout-flow\" style=\"flex-basis:66.66%\">\n<p>Marketing bezpo\u015bredni, sieciowy, czy wielopoziomowy, to bardzo ciekawa modyfikacja tradycyjnego sklepu stacjonarnego. Firmy MLM (Multi Level Marketing) to po prostu producenci, kt\u00f3rzy tradycyjny model sprzeda\u017cy zmodyfikowali w taki spos\u00f3b, \u017ceby ich klienci mieli dodatkowe korzy\u015bci zar\u00f3wno z kupowania, jak i polecania ich produkt\u00f3w.<br>Je\u015bli czytasz ten tekst i twierdzisz, \u017ce Twoja firma to nie MLM tylko\u2026 i tu wstawiasz marketingow\u0105 nazw\u0119 tego co robisz, to\u2026 ZEJD\u0179 NA ZIEMI\u0118!<\/p>\n\n\n\n<p>Witam ponownie, Teraz mo\u017cemy rozmawia\u0107.<\/p>\n\n\n\n<p>Polecaj\u0105c produkty firmy, kt\u00f3r\u0105 reprezentujesz, dostajesz po prostu prowizj\u0119 od zakup\u00f3w os\u00f3b, kt\u00f3rym t\u0105 firm\u0119 poleci\u0142e\u015b. Prawda, \u017ce fajnie! Osoby, kt\u00f3re dzi\u0119ki Tobie kupuj\u0105 dane produkty i s\u0105 klientami firmy \u2013 czyli sklepu. Co wi\u0119cej, mo\u017cesz \u201ewprowadza\u0107\u201d kolejnych dystrybutor\u00f3w, kt\u00f3rzy s\u0105 odpowiednikiem pracownik\u00f3w z biznesu tradycyjnego. R\u00f3\u017cnica polecana tym, \u017ce ich liczba nie jest ograniczona, a z obrotu ka\u017cdego z nich, Ty dostajesz dodatkow\u0105 prowizj\u0119. Prowizje si\u0119gaj\u0105 kilku poziom\u00f3w w g\u0142\u0105b za wprowadzonych do struktury dystrybutor\u00f3w i dodatkowo mo\u017cna otrzyma\u0107 r\u00f3\u017cne premie i bonusy za obroty ca\u0142ej grupy. Reszta to ju\u017c kwestia produkt\u00f3w i warunk\u00f3w wsp\u00f3\u0142pracy.<\/p>\n\n\n\n<p>Czy jednak mo\u017cna si\u0119 utrzyma\u0107 z takiej pracy i na ile jest ona stabilna? Oczywi\u015bcie, \u017ce mo\u017cna si\u0119 utrzyma\u0107, a szanse awansu s\u0105 w marketingu wielopoziomowym bardziej realne, ni\u017c w tradycyjnych firmach, zale\u017c\u0105c tylko i wy\u0142\u0105cznie od Twojego wk\u0142adu pracy i Twojej skuteczno\u015bci!<\/p>\n\n\n\n<p>A teraz w\u0142a\u015bnie o skuteczno\u015bci!<\/p>\n\n\n\n<h2 class=\"wp-block-heading\">Jak szkol\u0119 przedstawicieli marketingu sieciowego?<\/h2>\n<\/div>\n<\/div>\n\n\n\n<p>Nie ka\u017cdy od razu zostaje skutecznym sprzedawc\u0105. Chc\u0105c mie\u0107 naprawd\u0119 dobre wyniki, zacznij od poznania Twojego produktu, o co powinien zadba\u0107 Tw\u00f3j tak zwany \u201csponsor\u201d, czyli osoba, kt\u00f3ra Ci\u0119 wprowadzi\u0142a do firmy. R\u00f3wnie\u017c Tw\u00f3j sponsor powinien dobrze wyt\u0142umaczy\u0107 Ci zasady dzia\u0142ania firmy i warunki wsp\u00f3\u0142pracy.<\/p>\n\n\n\n<p>Maj\u0105c powy\u017csze informacje, mo\u017cesz zg\u0142osi\u0107 si\u0119 do mnie.<\/p>\n\n\n\n<p>Chocia\u017c zwykle firmy MLM zapewniaj\u0105 regularne szkolenia, Ty prawdopodobnie masz wi\u0119ksze wymagania i zale\u017cy Ci na szybkim poprawieniu wynik\u00f3w.<br>Zaczniemy od technik sprzeda\u017cy i ich zgodno\u015bci z Twoimi warto\u015bciami. To jedyny spos\u00f3b na autentyczno\u015b\u0107, kt\u00f3ra jest podstaw\u0105 w sprzeda\u017cy d\u0142ugoterminowej, gdzie klienci maj\u0105 chcie\u0107 do Ciebie wr\u00f3ci\u0107 i poleca\u0107 bezpo\u015brednio Ciebie, a nie produkty kt\u00f3re sprzedajesz.<\/p>\n\n\n\n<p>Nast\u0119pna w kolejno\u015bci b\u0119dzie strategia pozyskiwania klient\u00f3w, po niej strategia budowania struktury dystrybutor\u00f3w, po czym przejdziemy do zarz\u0105dzania zespo\u0142em.<\/p>\n\n\n\n<p>Tak, staniesz si\u0119 mentorem, kt\u00f3ry swoim do\u015bwiadczeniem b\u0119dzie dzieli\u0142 si\u0119 nowymi dystrybutorami pomagaj\u0105c im osi\u0105ga\u0107 lepsze wyniki. B\u0119dzie to wygl\u0105da\u0142o jak typowy biznesowy mentoring wykorzystywany w korporacjach.<\/p>\n\n\n\n<h4 class=\"wp-block-heading has-text-align-center\">Chcesz wiedzie\u0107 wi\u0119cej? Zapraszam do wsp\u00f3\u0142pracy!<\/h4>\n\n\n\n<figure class=\"wp-block-image aligncenter size-full\"><img decoding=\"async\" width=\"900\" height=\"300\" src=\"http:\/\/serwer174332.lh.pl\/autoinstalator\/serwer174332.lh.pl\/wordpress39728\/wp-content\/uploads\/2023\/10\/Coaching-w-pelni-z-Michalem-zapraszamy-do-wspolpracy.jpg\" alt=\"\" class=\"wp-image-110\" srcset=\"https:\/\/ramante.pl\/wp-content\/uploads\/2023\/10\/Coaching-w-pelni-z-Michalem-zapraszamy-do-wspolpracy.jpg 900w, https:\/\/ramante.pl\/wp-content\/uploads\/2023\/10\/Coaching-w-pelni-z-Michalem-zapraszamy-do-wspolpracy-300x100.jpg 300w, https:\/\/ramante.pl\/wp-content\/uploads\/2023\/10\/Coaching-w-pelni-z-Michalem-zapraszamy-do-wspolpracy-768x256.jpg 768w, https:\/\/ramante.pl\/wp-content\/uploads\/2023\/10\/Coaching-w-pelni-z-Michalem-zapraszamy-do-wspolpracy-600x200.jpg 600w\" sizes=\"(max-width: 900px) 100vw, 900px\" \/><\/figure>\n","protected":false},"excerpt":{"rendered":"<p>Co to jest marketing bezpo\u015bredni? Marketing bezpo\u015bredni, sieciowy, czy wielopoziomowy, to bardzo ciekawa modyfikacja tradycyjnego sklepu stacjonarnego. Firmy MLM (Multi Level Marketing) to po prostu producenci, kt\u00f3rzy tradycyjny model sprzeda\u017cy zmodyfikowali w taki spos\u00f3b, \u017ceby ich klienci mieli dodatkowe korzy\u015bci zar\u00f3wno z kupowania, jak i polecania ich produkt\u00f3w.Je\u015bli czytasz ten tekst i twierdzisz, \u017ce Twoja [&hellip;]<\/p>\n","protected":false},"author":1,"featured_media":0,"parent":0,"menu_order":0,"comment_status":"closed","ping_status":"closed","template":"","meta":{"footnotes":""},"class_list":["post-42","page","type-page","status-publish","hentry"],"blocksy_meta":[],"_links":{"self":[{"href":"https:\/\/ramante.pl\/index.php\/wp-json\/wp\/v2\/pages\/42","targetHints":{"allow":["GET"]}}],"collection":[{"href":"https:\/\/ramante.pl\/index.php\/wp-json\/wp\/v2\/pages"}],"about":[{"href":"https:\/\/ramante.pl\/index.php\/wp-json\/wp\/v2\/types\/page"}],"author":[{"embeddable":true,"href":"https:\/\/ramante.pl\/index.php\/wp-json\/wp\/v2\/users\/1"}],"replies":[{"embeddable":true,"href":"https:\/\/ramante.pl\/index.php\/wp-json\/wp\/v2\/comments?post=42"}],"version-history":[{"count":3,"href":"https:\/\/ramante.pl\/index.php\/wp-json\/wp\/v2\/pages\/42\/revisions"}],"predecessor-version":[{"id":111,"href":"https:\/\/ramante.pl\/index.php\/wp-json\/wp\/v2\/pages\/42\/revisions\/111"}],"wp:attachment":[{"href":"https:\/\/ramante.pl\/index.php\/wp-json\/wp\/v2\/media?parent=42"}],"curies":[{"name":"wp","href":"https:\/\/api.w.org\/{rel}","templated":true}]}}