{"id":38,"date":"2023-10-28T20:30:28","date_gmt":"2023-10-28T18:30:28","guid":{"rendered":"http:\/\/serwer174332.lh.pl\/autoinstalator\/serwer174332.lh.pl\/wordpress39728\/?page_id=38"},"modified":"2023-10-29T14:42:52","modified_gmt":"2023-10-29T13:42:52","slug":"biznes-coaching","status":"publish","type":"page","link":"https:\/\/ramante.pl\/index.php\/biznes-coaching\/","title":{"rendered":"Biznes Coaching"},"content":{"rendered":"\n<h1 class=\"wp-block-heading\">Czym jest biznes coaching?<\/h1>\n\n\n\n<div class=\"wp-block-columns is-layout-flex wp-container-core-columns-is-layout-28f84493 wp-block-columns-is-layout-flex\">\n<div class=\"wp-block-column is-layout-flow wp-block-column-is-layout-flow\" style=\"flex-basis:33.33%\">\n<figure class=\"wp-block-image size-full\"><img fetchpriority=\"high\" decoding=\"async\" width=\"600\" height=\"1000\" src=\"http:\/\/serwer174332.lh.pl\/autoinstalator\/serwer174332.lh.pl\/wordpress39728\/wp-content\/uploads\/2023\/10\/Coaching-w-pelni-z-Michalem-biznes-coaching.jpg\" alt=\"\" class=\"wp-image-102\" srcset=\"https:\/\/ramante.pl\/wp-content\/uploads\/2023\/10\/Coaching-w-pelni-z-Michalem-biznes-coaching.jpg 600w, https:\/\/ramante.pl\/wp-content\/uploads\/2023\/10\/Coaching-w-pelni-z-Michalem-biznes-coaching-180x300.jpg 180w\" sizes=\"(max-width: 600px) 100vw, 600px\" \/><\/figure>\n<\/div>\n\n\n\n<div class=\"wp-block-column is-layout-flow wp-block-column-is-layout-flow\" style=\"flex-basis:66.66%\">\n<p>Biznes coaching jest szczeg\u00f3ln\u0105 form\u0105 pracy nakierowan\u0105 na rozw\u00f3j zawodowy. Mo\u017ce on dotyczy\u0107 zar\u00f3wno kariery w firmie, jak r\u00f3wnie\u017c \u2013 i powiedzia\u0142 bym, \u017ce cz\u0119\u015bciej dotyczy on \u2013 za\u0142o\u017cenia i rozwoju w\u0142asnej firmy.<br>Jako specjalista w swojej dziedzinie mo\u017cesz korzysta\u0107 z pomocy trenera biznesu, kt\u00f3ry pomo\u017ce Ci zorganizowa\u0107 si\u0119 szybciej i skutecznie od samego pocz\u0105tku w kwestiach marketingowych oraz finansowych.<\/p>\n\n\n\n<p>W biznesie trzeba dzia\u0142a\u0107, \u017ceby osi\u0105ga\u0107 efekty, tak wi\u0119c wsp\u00f3\u0142pracuj\u0105c z Tob\u0105 jako biznes coach przygotuj\u0119 dla Ciebie plan dzia\u0142ania, kt\u00f3ry wsp\u00f3lnie zweryfikujemy. Nast\u0119pnie regularnie b\u0119dziemy przeprowadza\u0107 ewaluacj\u0119 Twoich dzia\u0142a\u0144 i modyfikowa\u0107 biznes plan na potrzeby sytuacji w jakiej w danej chwili znajduje si\u0119 Twoja firma. W razie potrzeby mog\u0119 te\u017c odpowiednio przeszkoli\u0107 Twoich pracownik\u00f3w.<\/p>\n\n\n\n<p>W takiej pracy tylko systematyczne dzia\u0142anie przyniesie zamierzony efekt.<\/p>\n\n\n\n<h2 class=\"wp-block-heading\">Jak pracuj\u0119?<\/h2>\n\n\n\n<p>Najwa\u017cniejsz jest dla mnie mo\u017cliwe najdok\u0142adniejsze zapoznanie si\u0119 z Twoimi oczekiwaniami na temat Twojego biznesu. Cz\u0119sto moi klienci sami dok\u0142adnie nie wiedz\u0105 czego oczekiwa\u0107 i jak wszystko zorganizowa\u0107.<\/p>\n\n\n\n<p>Po wst\u0119pnych konsultacjach przygotowuj\u0105 dla ka\u017cdego propozycj\u0119 wsp\u00f3\u0142pracy w kilku wersjach.<\/p>\n\n\n\n<p>Pracujemy zar\u00f3wno osobi\u015bcie na spotkaniach biznesowych i szkoleniach, jak r\u00f3wnie\u017c kontaktuj\u0105c si\u0119 na bie\u017c\u0105co telefonicznie i mailowo.<\/p>\n\n\n\n<p>Ka\u017cdy biznes jest inny, tak wi\u0119c szczeg\u00f3\u0142y Twojej indywidualnej oferty przedstawi\u0119 Ci po pierwszych konsultacjach, kt\u00f3re do niczego Ci\u0119 nie zobowi\u0105zuj\u0105, a mog\u0105 by\u0107 pocz\u0105tkiem ciekawej i rozwijaj\u0105cej wsp\u00f3\u0142pracy.<\/p>\n<\/div>\n<\/div>\n\n\n\n<div class=\"wp-block-columns is-layout-flex wp-container-core-columns-is-layout-28f84493 wp-block-columns-is-layout-flex\">\n<div class=\"wp-block-column is-layout-flow wp-block-column-is-layout-flow\">\n<h2 class=\"wp-block-heading\">Najpopularniejsze us\u0142ugi!<\/h2>\n\n\n\n<p>Zwykle najwa\u017cniejsz\u0105 cz\u0119\u015bci\u0105 naszego spotkania jest kalkulacja koszt\u00f3w i prognozowanie zysk\u00f3w. Dobrze mie\u0107 pewno\u015b\u0107, \u017ce jeste\u015b w stanie finansowa\u0107 nowe przedsi\u0119wzi\u0119cia, zwi\u0105zane zar\u00f3wno z otwarciem, jak i rozwojem Twojej firmy.<\/p>\n\n\n\n<p>Kolejne istotne zagadnienie to skuteczne pozyskiwanie klient\u00f3w.<br>Wa\u017cne s\u0105 te\u017c kwestie formalno prawne, kt\u00f3re mog\u0105 pom\u00f3c przej\u015b\u0107 przez procesy rejestracyjne dzia\u0142alno\u015bci oraz zabezpieczy\u0107 Tw\u00f3j biznes.<\/p>\n\n\n\n<p>Upraszczaj\u0105c maksymalnie \u2013 Ty m\u00f3wisz co chcesz robi\u0107, a ja m\u00f3wi\u0119 Ci w jaki spos\u00f3b najszybciej zacz\u0105\u0107 na tym zarabia\u0107.<\/p>\n<\/div>\n\n\n\n<div class=\"wp-block-column is-layout-flow wp-block-column-is-layout-flow\">\n<h2 class=\"wp-block-heading\">Czego si\u0119 spodziewa\u0107?<\/h2>\n\n\n\n<p>Przede wszystkim powiniene\u015b spodziewa\u0107 si\u0119 dobrej organizacji pracy i tym samym elastyczno\u015bci na zachodz\u0105ce zmiany.<\/p>\n\n\n\n<p>Nie spotykam si\u0119 z Tob\u0105, \u017ceby Ci\u0119 motywowa\u0107 i m\u00f3wi\u0107, \u017ce b\u0119dzie dobrze. M\u00f3wi\u0119 konkretnie i zdecydowanie, przedstawiaj\u0105c opcje i argumenty za i przeciw.<\/p>\n\n\n\n<p>Spodziewaj si\u0119 te\u017c konieczno\u015bci podejmowania decyzji! To Twoja firma, a ja \u015bwiadcz\u0119 us\u0142ugi. Korzystaj z nich od pocz\u0105tku skutecznie, \u017ceby\u015b jak najszybciej zwi\u0119kszy\u0142 swoje dochody i uzyska\u0142 niezale\u017cno\u015b\u0107 finansow\u0105.<\/p>\n<\/div>\n<\/div>\n\n\n\n<figure class=\"wp-block-image aligncenter size-large\"><img decoding=\"async\" width=\"1024\" height=\"192\" src=\"http:\/\/serwer174332.lh.pl\/autoinstalator\/serwer174332.lh.pl\/wordpress39728\/wp-content\/uploads\/2023\/10\/Biznes-z-ludzmi-i-dla-ludzi-Razem-mozemy-wiecej-Michal-Miodonski-1024x192.jpg\" alt=\"\" class=\"wp-image-103\" srcset=\"https:\/\/ramante.pl\/wp-content\/uploads\/2023\/10\/Biznes-z-ludzmi-i-dla-ludzi-Razem-mozemy-wiecej-Michal-Miodonski-1024x192.jpg 1024w, https:\/\/ramante.pl\/wp-content\/uploads\/2023\/10\/Biznes-z-ludzmi-i-dla-ludzi-Razem-mozemy-wiecej-Michal-Miodonski-300x56.jpg 300w, https:\/\/ramante.pl\/wp-content\/uploads\/2023\/10\/Biznes-z-ludzmi-i-dla-ludzi-Razem-mozemy-wiecej-Michal-Miodonski-768x144.jpg 768w, https:\/\/ramante.pl\/wp-content\/uploads\/2023\/10\/Biznes-z-ludzmi-i-dla-ludzi-Razem-mozemy-wiecej-Michal-Miodonski-1536x288.jpg 1536w, https:\/\/ramante.pl\/wp-content\/uploads\/2023\/10\/Biznes-z-ludzmi-i-dla-ludzi-Razem-mozemy-wiecej-Michal-Miodonski-600x113.jpg 600w, https:\/\/ramante.pl\/wp-content\/uploads\/2023\/10\/Biznes-z-ludzmi-i-dla-ludzi-Razem-mozemy-wiecej-Michal-Miodonski.jpg 1920w\" sizes=\"(max-width: 1024px) 100vw, 1024px\" \/><\/figure>\n","protected":false},"excerpt":{"rendered":"<p>Czym jest biznes coaching? Biznes coaching jest szczeg\u00f3ln\u0105 form\u0105 pracy nakierowan\u0105 na rozw\u00f3j zawodowy. Mo\u017ce on dotyczy\u0107 zar\u00f3wno kariery w firmie, jak r\u00f3wnie\u017c \u2013 i powiedzia\u0142 bym, \u017ce cz\u0119\u015bciej dotyczy on \u2013 za\u0142o\u017cenia i rozwoju w\u0142asnej firmy.Jako specjalista w swojej dziedzinie mo\u017cesz korzysta\u0107 z pomocy trenera biznesu, kt\u00f3ry pomo\u017ce Ci zorganizowa\u0107 si\u0119 szybciej i skutecznie [&hellip;]<\/p>\n","protected":false},"author":1,"featured_media":0,"parent":0,"menu_order":0,"comment_status":"closed","ping_status":"closed","template":"","meta":{"footnotes":""},"class_list":["post-38","page","type-page","status-publish","hentry"],"blocksy_meta":[],"_links":{"self":[{"href":"https:\/\/ramante.pl\/index.php\/wp-json\/wp\/v2\/pages\/38","targetHints":{"allow":["GET"]}}],"collection":[{"href":"https:\/\/ramante.pl\/index.php\/wp-json\/wp\/v2\/pages"}],"about":[{"href":"https:\/\/ramante.pl\/index.php\/wp-json\/wp\/v2\/types\/page"}],"author":[{"embeddable":true,"href":"https:\/\/ramante.pl\/index.php\/wp-json\/wp\/v2\/users\/1"}],"replies":[{"embeddable":true,"href":"https:\/\/ramante.pl\/index.php\/wp-json\/wp\/v2\/comments?post=38"}],"version-history":[{"count":2,"href":"https:\/\/ramante.pl\/index.php\/wp-json\/wp\/v2\/pages\/38\/revisions"}],"predecessor-version":[{"id":104,"href":"https:\/\/ramante.pl\/index.php\/wp-json\/wp\/v2\/pages\/38\/revisions\/104"}],"wp:attachment":[{"href":"https:\/\/ramante.pl\/index.php\/wp-json\/wp\/v2\/media?parent=38"}],"curies":[{"name":"wp","href":"https:\/\/api.w.org\/{rel}","templated":true}]}}