{"id":28,"date":"2023-10-28T20:26:21","date_gmt":"2023-10-28T18:26:21","guid":{"rendered":"http:\/\/serwer174332.lh.pl\/autoinstalator\/serwer174332.lh.pl\/wordpress39728\/?page_id=28"},"modified":"2025-02-02T15:24:47","modified_gmt":"2025-02-02T14:24:47","slug":"coaching","status":"publish","type":"page","link":"https:\/\/ramante.pl\/index.php\/coaching\/","title":{"rendered":"Coaching"},"content":{"rendered":"\n<h1 class=\"wp-block-heading\">Rozw\u00f3j osobisty<\/h1>\n\n\n\n<div class=\"wp-block-columns is-layout-flex wp-container-core-columns-is-layout-28f84493 wp-block-columns-is-layout-flex\">\n<div class=\"wp-block-column is-layout-flow wp-block-column-is-layout-flow\" style=\"flex-basis:66.66%\">\n<p>Temat bardzo rozleg\u0142y, o kt\u00f3rym napisano ju\u017c wiele ksi\u0105\u017cek i jeszcze wiele napisanych zostanie.<br>Zmiana jest czym\u015b nieuniknionym, pytanie tylko, czy b\u0119dzie ona na lepsze. Je\u017celi interesuje Ci\u0119 rozw\u00f3j, to znaczy, \u017ce chcesz zmian na lepsze i jeste\u015b got\u00f3w\/ gotowa dzia\u0142a\u0107 w taki spos\u00f3b, aby stale podnosi\u0107 Swoje standardy.<\/p>\n\n\n\n<p>Moim zadaniem w tym procesie jest da\u0107 Ci \u015bwie\u017ce spojrzenie na to, co si\u0119 teraz w Twoim \u017cyciu dzieje. Nie musz\u0119 Ci\u0119 motywowa\u0107, poniewa\u017c to, \u017ce czytasz ten tekst, \u015bwiadczy o tym, \u017ce masz potrzebn\u0105 do pracy nad sob\u0105 motywacj\u0119.<\/p>\n\n\n\n<p>Co dodaj\u0119 od siebie, to zaawansowane narz\u0119dzie psychologiczne i naukowe, oraz umiej\u0119tno\u015b\u0107 budowania strategii pozwalaj\u0105cych osi\u0105ga\u0107 cele w spos\u00f3b zgodny Tob\u0105.<\/p>\n\n\n\n<p>Je\u015bli zastanawiasz si\u0119, czy ju\u017c jest odpowiedni moment, \u017ceby pracowa\u0107 z coachem, to zastan\u00f3w si\u0119, jak szybko i skutecznie chcesz poprawi\u0107 jako\u015b\u0107 Twojego \u017cycia.<\/p>\n\n\n\n<p>Transformacja \u017cycia<\/p>\n\n\n\n<p>Moj\u0105 specjalno\u015bci\u0105 jest pomoc w \u015bwiadomej \u017cyciowej transformacji. W \u017cyciu przychodz\u0105 takie momenty, kiedy ilo\u015b\u0107 zmian doprowadza do tego, \u017ce przechodzimy istotn\u0105 transformacj\u0119. M\u00f3wi\u0119 o takich wydarzeniach, jak koniec kariery sportowej, zmiana profesji, upadek firmy, czy mo\u017ce przeprowadzka do zupe\u0142nie innego miasta, a nawet kraju. Mo\u017ce to by\u0107 r\u00f3wnie\u017c co\u015b bardziej osobistego jak narodziny dziecka, rozw\u00f3d, wyprowadzenie si\u0119 dzieci z domu, czy przej\u015bcie na emerytur\u0119.<\/p>\n\n\n\n<p>Bez wzgl\u0119du na to, jakiej sfery \u017cycia dotyczy Twoja zmiana, proces jest bardzo podobny. Im szybciej zaakceptujesz i zrozumiesz ka\u017cdy etap tej transformacji, tym szybciej i \u0142atwiej ona nast\u0105pi.<\/p>\n\n\n\n<p>Pami\u0119taj\u0105c, \u017ce wszystkie aspekty \u017cycia s\u0105 ze sob\u0105 \u015bci\u015ble zwi\u0105zane, zastan\u00f3w si\u0119, kt\u00f3ry jest dla Ciebie w tej chwili najwa\u017cniejszy.<\/p>\n<\/div>\n\n\n\n<div class=\"wp-block-column is-layout-flow wp-block-column-is-layout-flow\" style=\"flex-basis:33.33%\">\n<figure class=\"wp-block-image size-full\"><img fetchpriority=\"high\" decoding=\"async\" width=\"600\" height=\"1000\" src=\"http:\/\/serwer174332.lh.pl\/autoinstalator\/serwer174332.lh.pl\/wordpress39728\/wp-content\/uploads\/2023\/10\/Coaching-w-pelni-z-Michalem-Coaching-1.jpg\" alt=\"\" class=\"wp-image-85\" srcset=\"https:\/\/ramante.pl\/wp-content\/uploads\/2023\/10\/Coaching-w-pelni-z-Michalem-Coaching-1.jpg 600w, https:\/\/ramante.pl\/wp-content\/uploads\/2023\/10\/Coaching-w-pelni-z-Michalem-Coaching-1-180x300.jpg 180w\" sizes=\"(max-width: 600px) 100vw, 600px\" \/><\/figure>\n<\/div>\n<\/div>\n\n\n\n<h2 class=\"wp-block-heading\">Obietnica sukcesu<\/h2>\n\n\n\n<div class=\"wp-block-columns is-layout-flex wp-container-core-columns-is-layout-28f84493 wp-block-columns-is-layout-flex\">\n<div class=\"wp-block-column is-layout-flow wp-block-column-is-layout-flow\" style=\"flex-basis:25%\">\n<figure class=\"wp-block-image size-large\"><img decoding=\"async\" width=\"1024\" height=\"1024\" src=\"http:\/\/serwer174332.lh.pl\/autoinstalator\/serwer174332.lh.pl\/wordpress39728\/wp-content\/uploads\/2023\/10\/Coaching-w-pelni-z-Michalem-Obietnica-sukcesu-1024x1024.jpg\" alt=\"\" class=\"wp-image-86\" srcset=\"https:\/\/ramante.pl\/wp-content\/uploads\/2023\/10\/Coaching-w-pelni-z-Michalem-Obietnica-sukcesu-1024x1024.jpg 1024w, https:\/\/ramante.pl\/wp-content\/uploads\/2023\/10\/Coaching-w-pelni-z-Michalem-Obietnica-sukcesu-300x300.jpg 300w, https:\/\/ramante.pl\/wp-content\/uploads\/2023\/10\/Coaching-w-pelni-z-Michalem-Obietnica-sukcesu-150x150.jpg 150w, https:\/\/ramante.pl\/wp-content\/uploads\/2023\/10\/Coaching-w-pelni-z-Michalem-Obietnica-sukcesu-768x768.jpg 768w, https:\/\/ramante.pl\/wp-content\/uploads\/2023\/10\/Coaching-w-pelni-z-Michalem-Obietnica-sukcesu-600x600.jpg 600w, https:\/\/ramante.pl\/wp-content\/uploads\/2023\/10\/Coaching-w-pelni-z-Michalem-Obietnica-sukcesu-100x100.jpg 100w, https:\/\/ramante.pl\/wp-content\/uploads\/2023\/10\/Coaching-w-pelni-z-Michalem-Obietnica-sukcesu.jpg 1080w\" sizes=\"(max-width: 1024px) 100vw, 1024px\" \/><\/figure>\n<\/div>\n\n\n\n<div class=\"wp-block-column is-layout-flow wp-block-column-is-layout-flow\" style=\"flex-basis:50%\">\n<p>Je\u015bli zastanawiasz si\u0119, czy praca z coachem przyniesie Ci efekty, to r\u00f3wnie dobrze mo\u017cesz si\u0119 zastanawia\u0107, czy kupienie ksi\u0105\u017cki kucharskiej zrobi z Ciebie \u015bwietnego kucharza. Z praktyki, zar\u00f3wno mojej w\u0142asnej, jak i innych coach\u00f3w, z kt\u00f3rymi wsp\u00f3\u0142pracuj\u0119, mog\u0119 powiedzie\u0107, \u017ce osoby, kt\u00f3re praktycznie wykorzystuj\u0105 zdobyt\u0105 na sesji wiedz\u0119, zawsze maj\u0105 jej korzystne efekty.<\/p>\n\n\n\n<p>Tak jak zdrowe zjedzenie przez jeden dzie\u0144 nie sprawi \u017ce schudniesz, tak samo jedna sesja nie sprawi, \u017ce staniesz si\u0119 inn\u0105 osob\u0105. Zmiana osobowo\u015bci trwa i to Ty podejmujesz decyzje!<\/p>\n\n\n\n<p>Ja mog\u0119 Ci obieca\u0107 moje pe\u0142ne zaanga\u017cowanie i wykorzystanie ca\u0142ej mojej wiedzy i do\u015bwiadczenia, aby Ci to u\u0142atwi\u0107.<\/p>\n<\/div>\n\n\n\n<div class=\"wp-block-column is-layout-flow wp-block-column-is-layout-flow\" style=\"flex-basis:25%\">\n<figure class=\"wp-block-image size-large\"><img decoding=\"async\" width=\"1024\" height=\"1024\" src=\"http:\/\/serwer174332.lh.pl\/autoinstalator\/serwer174332.lh.pl\/wordpress39728\/wp-content\/uploads\/2023\/10\/Coaching-w-pelni-z-Michalem-Obietnica-sukcesu-razem-do-celu-1024x1024.jpg\" alt=\"\" class=\"wp-image-87\" srcset=\"https:\/\/ramante.pl\/wp-content\/uploads\/2023\/10\/Coaching-w-pelni-z-Michalem-Obietnica-sukcesu-razem-do-celu-1024x1024.jpg 1024w, https:\/\/ramante.pl\/wp-content\/uploads\/2023\/10\/Coaching-w-pelni-z-Michalem-Obietnica-sukcesu-razem-do-celu-300x300.jpg 300w, https:\/\/ramante.pl\/wp-content\/uploads\/2023\/10\/Coaching-w-pelni-z-Michalem-Obietnica-sukcesu-razem-do-celu-150x150.jpg 150w, https:\/\/ramante.pl\/wp-content\/uploads\/2023\/10\/Coaching-w-pelni-z-Michalem-Obietnica-sukcesu-razem-do-celu-768x768.jpg 768w, https:\/\/ramante.pl\/wp-content\/uploads\/2023\/10\/Coaching-w-pelni-z-Michalem-Obietnica-sukcesu-razem-do-celu-600x600.jpg 600w, https:\/\/ramante.pl\/wp-content\/uploads\/2023\/10\/Coaching-w-pelni-z-Michalem-Obietnica-sukcesu-razem-do-celu-100x100.jpg 100w, https:\/\/ramante.pl\/wp-content\/uploads\/2023\/10\/Coaching-w-pelni-z-Michalem-Obietnica-sukcesu-razem-do-celu.jpg 1080w\" sizes=\"(max-width: 1024px) 100vw, 1024px\" \/><\/figure>\n<\/div>\n<\/div>\n","protected":false},"excerpt":{"rendered":"<p>Rozw\u00f3j osobisty Temat bardzo rozleg\u0142y, o kt\u00f3rym napisano ju\u017c wiele ksi\u0105\u017cek i jeszcze wiele napisanych zostanie.Zmiana jest czym\u015b nieuniknionym, pytanie tylko, czy b\u0119dzie ona na lepsze. Je\u017celi interesuje Ci\u0119 rozw\u00f3j, to znaczy, \u017ce chcesz zmian na lepsze i jeste\u015b got\u00f3w\/ gotowa dzia\u0142a\u0107 w taki spos\u00f3b, aby stale podnosi\u0107 Swoje standardy. Moim zadaniem w tym procesie [&hellip;]<\/p>\n","protected":false},"author":1,"featured_media":0,"parent":0,"menu_order":0,"comment_status":"closed","ping_status":"closed","template":"","meta":{"footnotes":""},"class_list":["post-28","page","type-page","status-publish","hentry"],"blocksy_meta":[],"_links":{"self":[{"href":"https:\/\/ramante.pl\/index.php\/wp-json\/wp\/v2\/pages\/28","targetHints":{"allow":["GET"]}}],"collection":[{"href":"https:\/\/ramante.pl\/index.php\/wp-json\/wp\/v2\/pages"}],"about":[{"href":"https:\/\/ramante.pl\/index.php\/wp-json\/wp\/v2\/types\/page"}],"author":[{"embeddable":true,"href":"https:\/\/ramante.pl\/index.php\/wp-json\/wp\/v2\/users\/1"}],"replies":[{"embeddable":true,"href":"https:\/\/ramante.pl\/index.php\/wp-json\/wp\/v2\/comments?post=28"}],"version-history":[{"count":3,"href":"https:\/\/ramante.pl\/index.php\/wp-json\/wp\/v2\/pages\/28\/revisions"}],"predecessor-version":[{"id":201,"href":"https:\/\/ramante.pl\/index.php\/wp-json\/wp\/v2\/pages\/28\/revisions\/201"}],"wp:attachment":[{"href":"https:\/\/ramante.pl\/index.php\/wp-json\/wp\/v2\/media?parent=28"}],"curies":[{"name":"wp","href":"https:\/\/api.w.org\/{rel}","templated":true}]}}