{"id":226,"date":"2025-02-09T19:51:36","date_gmt":"2025-02-09T18:51:36","guid":{"rendered":"https:\/\/ramante.pl\/?page_id=226"},"modified":"2025-02-19T17:36:53","modified_gmt":"2025-02-19T16:36:53","slug":"dzieci-i-mlodziez","status":"publish","type":"page","link":"https:\/\/ramante.pl\/index.php\/dzieci-i-mlodziez\/","title":{"rendered":"Dzieci i m\u0142odzie\u017c"},"content":{"rendered":"\n<h2 class=\"wp-block-heading has-text-align-center\"><strong>Budowanie g\u0142\u0119bokiej wi\u0119zi z dzieckiem \u2013 kompleksowa seria szkole\u0144 dla rodzic\u00f3w i wychowawc\u00f3w<\/strong><\/h2>\n\n\n\n<p>Ka\u017cdy rodzic i wychowawca marzy o tym, aby jego relacja z dzieckiem by\u0142a pe\u0142na zrozumienia, szacunku i blisko\u015bci. Jednak w rzeczywisto\u015bci cz\u0119sto napotykamy na trudno\u015bci komunikacyjne, r\u00f3\u017cnice w postrzeganiu \u015bwiata i brak narz\u0119dzi do skutecznego budowania relacji. Dlatego stworzy\u0142am seri\u0119 szkole\u0144, kt\u00f3re pomog\u0105 Ci nie tylko lepiej rozumie\u0107 dziecko, ale r\u00f3wnie\u017c siebie. Dzi\u0119ki temu b\u0119dziesz m\u00f3g\u0142 \u015bwiadomie wspiera\u0107 m\u0142odego cz\u0142owieka na jego drodze do doros\u0142o\u015bci.<\/p>\n\n\n\n<div class=\"wp-block-columns is-layout-flex wp-container-core-columns-is-layout-28f84493 wp-block-columns-is-layout-flex\">\n<div class=\"wp-block-column is-layout-flow wp-block-column-is-layout-flow\">\n<h3 class=\"wp-block-heading has-text-align-center\"><strong>Pierwszy krok \u2013 szkolenie<\/strong><br><strong>\u201eRodzic-Mentor-Przyjaciel\u201d<\/strong><\/h3>\n\n\n\n<p>Nasza podr\u00f3\u017c rozpoczyna si\u0119 od fundamentalnego szkolenia \u201eRodzic-Mentor-Przyjaciel\u201d. To w\u0142a\u015bnie tutaj odkrywamy, czym tak naprawd\u0119 jest relacja z dzieckiem i jakie role pe\u0142nimy jako doro\u015bli w jego \u017cyciu. Skupiamy si\u0119 na trzech filarach:<\/p>\n\n\n\n<ul class=\"wp-block-list\">\n<li><strong>Rodzic<\/strong> \u2013 jako przewodnik i opiekun, kt\u00f3ry daje dziecku poczucie bezpiecze\u0144stwa.<\/li>\n\n\n\n<li><strong>Mentor<\/strong> \u2013 kt\u00f3ry inspiruje, uczy i pokazuje \u015bwiat.<\/li>\n\n\n\n<li><strong>Przyjaciel<\/strong> \u2013 kt\u00f3ry wspiera, s\u0142ucha i rozumie.<\/li>\n<\/ul>\n\n\n\n<p>Podczas tego szkolenia uczymy si\u0119, jak \u015bwiadomie balansowa\u0107 mi\u0119dzy tymi rolami, aby nie zatraci\u0107 \u017cadnej z nich. To solidna podstawa do dalszej pracy nad komunikacj\u0105 i relacj\u0105 z dzieckiem.<br>B\u0119dzie te\u017c sporo czasu na refleksj\u0119 i spojrzenie w retrospeckcji na naszo osobiste do\u015bwiadczenie, zar\u00f3wno jako dziecko, jak i jako doros\u0142y rodzic lub opiekun dziecka. Dzi\u0119ki tej refleksji \u0142atwiej b\u0119dzie nam zrozumie\u0107 siebie z dystansem i otworzy\u0107 si\u0119 na zmian\u0119 zachowa\u0144. <br>To jednak, tak jak wspomina\u0142em wcze\u015bniej, dopiero pocz\u0105tek ca\u0142ej przygody. Po takier rozgrzewca mo\u017cemy zacz\u0105\u0107 konkretn\u0105 prac\u0119 nad relacjami z dzieckiem w ka\u017cdy wieku.<\/p>\n<\/div>\n\n\n\n<div class=\"wp-block-column is-layout-flow wp-block-column-is-layout-flow\">\n<figure class=\"wp-block-image size-large\"><img fetchpriority=\"high\" decoding=\"async\" width=\"1024\" height=\"1024\" src=\"https:\/\/ramante.pl\/wp-content\/uploads\/2025\/02\/Coaching-w-pelni-z-Michalem.-Jak-osiagnac-spelnienie.-Michal-Miodonski-1024x1024.jpg\" alt=\"\" class=\"wp-image-232\" srcset=\"https:\/\/ramante.pl\/wp-content\/uploads\/2025\/02\/Coaching-w-pelni-z-Michalem.-Jak-osiagnac-spelnienie.-Michal-Miodonski-1024x1024.jpg 1024w, https:\/\/ramante.pl\/wp-content\/uploads\/2025\/02\/Coaching-w-pelni-z-Michalem.-Jak-osiagnac-spelnienie.-Michal-Miodonski-300x300.jpg 300w, https:\/\/ramante.pl\/wp-content\/uploads\/2025\/02\/Coaching-w-pelni-z-Michalem.-Jak-osiagnac-spelnienie.-Michal-Miodonski-150x150.jpg 150w, https:\/\/ramante.pl\/wp-content\/uploads\/2025\/02\/Coaching-w-pelni-z-Michalem.-Jak-osiagnac-spelnienie.-Michal-Miodonski-768x768.jpg 768w, https:\/\/ramante.pl\/wp-content\/uploads\/2025\/02\/Coaching-w-pelni-z-Michalem.-Jak-osiagnac-spelnienie.-Michal-Miodonski.jpg 1080w\" sizes=\"(max-width: 1024px) 100vw, 1024px\" \/><\/figure>\n<\/div>\n<\/div>\n\n\n\n<h2 class=\"wp-block-heading has-text-align-center\"><strong>Seria szkole\u0144 rozwijaj\u0105cych kompetencje rodzicielskie i wychowawcze<\/strong><\/h2>\n\n\n\n<div class=\"wp-block-columns is-layout-flex wp-container-core-columns-is-layout-28f84493 wp-block-columns-is-layout-flex\">\n<div class=\"wp-block-column is-layout-flow wp-block-column-is-layout-flow\">\n<p>Po zrozumieniu podstaw relacji nadchodzi czas na zg\u0142\u0119bienie bardziej szczeg\u00f3\u0142owych aspekt\u00f3w komunikacji, psychologii i osobowo\u015bci dziecka. Kolejne szkolenia dostarczaj\u0105 wiedzy i narz\u0119dzi, kt\u00f3re pozwol\u0105 Ci jeszcze lepiej zrozumie\u0107 m\u0142odego cz\u0142owieka.<\/p>\n\n\n\n<h4 class=\"wp-block-heading\"><strong>1. 12 archetyp\u00f3w osobowo\u015bci<\/strong><\/h4>\n\n\n\n<p>Ka\u017cde dziecko (i doros\u0142y) ma sw\u00f3j unikalny spos\u00f3b postrzegania \u015bwiata i reagowania na rzeczywisto\u015b\u0107. Szkolenie to pozwala zrozumie\u0107, do jakiego archetypu osobowo\u015bci sk\u0142ania si\u0119 Twoje dziecko i jak dostosowa\u0107 komunikacj\u0119 do jego indywidualnych potrzeb.<\/p>\n\n\n\n<h4 class=\"wp-block-heading\"><strong>2. Podstawowe potrzeby ludzkie<\/strong><\/h4>\n\n\n\n<p>Dzieci, podobnie jak doro\u015bli, maj\u0105 okre\u015blone potrzeby \u2013 emocjonalne, spo\u0142eczne i psychiczne. Dowiesz si\u0119, jakie potrzeby s\u0105 kluczowe na poszczeg\u00f3lnych etapach rozwoju i jak je skutecznie zaspokaja\u0107, aby dziecko czu\u0142o si\u0119 kochane i akceptowane.<\/p>\n\n\n\n<h4 class=\"wp-block-heading\"><strong>3. Wizja \u017cyciowa<\/strong><\/h4>\n\n\n\n<p>Ju\u017c od najm\u0142odszych lat dzieci maj\u0105 swoje marzenia i aspiracje. To szkolenie pomaga rodzicom i wychowawcom zrozumie\u0107, jak wspiera\u0107 dziecko w odnajdywaniu w\u0142asnej drogi i budowaniu poczucia sensu \u017cycia.<\/p>\n<\/div>\n\n\n\n<div class=\"wp-block-column is-layout-flow wp-block-column-is-layout-flow\">\n<h4 class=\"wp-block-heading\"><strong>4. Charaktery \u2013 typy osobowo\u015bci<\/strong><\/h4>\n\n\n\n<p>Nie ka\u017cde dziecko funkcjonuje w ten sam spos\u00f3b \u2013 jedno b\u0119dzie potrzebowa\u0107 jasnych zasad i struktur, inne swobody i kreatywno\u015bci. Dzi\u0119ki temu szkoleniu nauczysz si\u0119 dostrzega\u0107 indywidualne cechy osobowo\u015bci i dostosowa\u0107 komunikacj\u0119 do r\u00f3\u017cnych typ\u00f3w charakteru.<\/p>\n\n\n\n<h4 class=\"wp-block-heading\"><strong>5. Dynamika b\u00f3lu i przyjemno\u015bci<\/strong><\/h4>\n\n\n\n<p>Ka\u017cdy cz\u0142owiek kieruje si\u0119 mechanizmem unikania b\u00f3lu i d\u0105\u017cenia do przyjemno\u015bci. Dowiesz si\u0119, jak ten mechanizm wp\u0142ywa na zachowanie dzieci i jak go \u015bwiadomie wykorzysta\u0107 do budowania pozytywnych nawyk\u00f3w oraz konstruktywnego podej\u015bcia do wyzwa\u0144.<\/p>\n\n\n\n<h4 class=\"wp-block-heading\"><strong>6. System warto\u015bci<\/strong><\/h4>\n\n\n\n<p>Warto\u015bci, kt\u00f3re przekazujemy dzieciom, kszta\u0142tuj\u0105 ich \u015bwiatopogl\u0105d i decyzje w doros\u0142ym \u017cyciu. Szkolenie to pomo\u017ce Ci \u015bwiadomie budowa\u0107 i wzmacnia\u0107 te warto\u015bci, kt\u00f3re s\u0105 dla Ciebie i Twojej rodziny najwa\u017cniejsze.<\/p>\n\n\n\n<h4 class=\"wp-block-heading\"><strong>7. Role i sceny<\/strong><\/h4>\n\n\n\n<p>Ka\u017cdy cz\u0142owiek odgrywa w \u017cyciu r\u00f3\u017cne role \u2013 dziecko, ucze\u0144, przyjaciel, lider. To szkolenie pomaga zrozumie\u0107, jak dzieci odnajduj\u0105 si\u0119 w tych rolach oraz jak doros\u0142y mo\u017ce wspiera\u0107 ich rozw\u00f3j spo\u0142eczny i emocjonalny.<\/p>\n<\/div>\n<\/div>\n\n\n\n<h2 class=\"wp-block-heading has-text-align-center\"><strong>Korzy\u015bci z udzia\u0142u w ca\u0142ej serii szkole\u0144<\/strong><\/h2>\n\n\n\n<div class=\"wp-block-columns is-layout-flex wp-container-core-columns-is-layout-28f84493 wp-block-columns-is-layout-flex\">\n<div class=\"wp-block-column is-layout-flow wp-block-column-is-layout-flow\">\n<figure class=\"wp-block-image size-large\"><img decoding=\"async\" width=\"910\" height=\"1024\" src=\"https:\/\/ramante.pl\/wp-content\/uploads\/2025\/02\/Wesolych-Swiat-910x1024.jpg\" alt=\"\" class=\"wp-image-233\" srcset=\"https:\/\/ramante.pl\/wp-content\/uploads\/2025\/02\/Wesolych-Swiat-910x1024.jpg 910w, https:\/\/ramante.pl\/wp-content\/uploads\/2025\/02\/Wesolych-Swiat-267x300.jpg 267w, https:\/\/ramante.pl\/wp-content\/uploads\/2025\/02\/Wesolych-Swiat-768x864.jpg 768w, https:\/\/ramante.pl\/wp-content\/uploads\/2025\/02\/Wesolych-Swiat-1365x1536.jpg 1365w, https:\/\/ramante.pl\/wp-content\/uploads\/2025\/02\/Wesolych-Swiat.jpg 1600w\" sizes=\"(max-width: 910px) 100vw, 910px\" \/><\/figure>\n<\/div>\n\n\n\n<div class=\"wp-block-column is-layout-flow wp-block-column-is-layout-flow\">\n<p>Ka\u017cde z powy\u017cszych szkole\u0144 mo\u017cna przej\u015b\u0107 osobno, jednak najwi\u0119ksz\u0105 warto\u015b\u0107 daje uczestnictwo w ca\u0142ej serii. Uczestnicy, kt\u00f3rzy zdecyduj\u0105 si\u0119 na pe\u0142ny cykl, zyskaj\u0105 podw\u00f3jne korzy\u015bci \u2013 zar\u00f3wno w kontek\u015bcie osobistego rozwoju, jak i relacji z dzieckiem.<\/p>\n\n\n\n<h4 class=\"wp-block-heading\"><strong>Lepsza relacja z dzieckiem<\/strong><\/h4>\n\n\n\n<p>Udzia\u0142 w szkoleniach pozwoli Ci:<\/p>\n\n\n\n<ul class=\"wp-block-list\">\n<li>Lepiej zrozumie\u0107 potrzeby i emocje dziecka.<\/li>\n\n\n\n<li>Odpowiednio dostosowa\u0107 komunikacj\u0119 do jego osobowo\u015bci.<\/li>\n\n\n\n<li>Wspiera\u0107 rozw\u00f3j dziecka w zgodzie z jego naturalnym potencja\u0142em.<\/li>\n\n\n\n<li>Unika\u0107 konflikt\u00f3w i budowa\u0107 zdrowe, oparte na zaufaniu relacje<\/li>\n<\/ul>\n\n\n\n<h4 class=\"wp-block-heading\"><strong>Zrozumienie siebie<\/strong><\/h4>\n\n\n\n<p>Dzi\u0119ki szkoleniom:<\/p>\n\n\n\n<ul class=\"wp-block-list\">\n<li>Poznasz swoje w\u0142asne wzorce my\u015blenia i dzia\u0142ania.<\/li>\n\n\n\n<li>Zrozumiesz, jak\u0105 rol\u0119 pe\u0142nisz w \u017cyciu swojego dziecka.<\/li>\n\n\n\n<li>\u015awiadomie zaczniesz pracowa\u0107 nad swoimi emocjami i reakcjami.<\/li>\n\n\n\n<li>Zyskasz wi\u0119ksz\u0105 pewno\u015b\u0107 siebie jako rodzic czy wychowawca.<\/li>\n<\/ul>\n<\/div>\n<\/div>\n\n\n\n<h2 class=\"wp-block-heading has-text-align-center\">Podsumowuj\u0105c moje zaproszenie do \u015bwiadomego rodzicielstwa!<\/h2>\n\n\n\n<p>\u015awiadome rodzicielstwo i skuteczna komunikacja z dzieckiem to nie tylko umiej\u0119tno\u015bci \u2013 to sztuka, kt\u00f3r\u0105 mo\u017cna rozwija\u0107. Dzi\u0119ki tej serii szkole\u0144 otrzymasz kompleksowe narz\u0119dzia do pracy nad sob\u0105 i relacj\u0105 z dzieckiem. Niezale\u017cnie od tego, czy jeste\u015b rodzicem, nauczycielem czy wychowawc\u0105, te spotkania dadz\u0105 Ci nowe spojrzenie na wychowanie i pomog\u0105 budowa\u0107 lepsze relacje z m\u0142odymi lud\u017ami.<\/p>\n\n\n\n<p>Zarezerwuj swoje miejsce ju\u017c dzi\u015b i zacznij \u015bwiadomie budowa\u0107 swoj\u0105 relacj\u0119 z dzieckiem!<\/p>\n\n\n\n<p><\/p>\n","protected":false},"excerpt":{"rendered":"<p>Budowanie g\u0142\u0119bokiej wi\u0119zi z dzieckiem \u2013 kompleksowa seria szkole\u0144 dla rodzic\u00f3w i wychowawc\u00f3w Ka\u017cdy rodzic i wychowawca marzy o tym, aby jego relacja z dzieckiem by\u0142a pe\u0142na zrozumienia, szacunku i blisko\u015bci. Jednak w rzeczywisto\u015bci cz\u0119sto napotykamy na trudno\u015bci komunikacyjne, r\u00f3\u017cnice w postrzeganiu \u015bwiata i brak narz\u0119dzi do skutecznego budowania relacji. Dlatego stworzy\u0142am seri\u0119 szkole\u0144, kt\u00f3re [&hellip;]<\/p>\n","protected":false},"author":1,"featured_media":0,"parent":0,"menu_order":0,"comment_status":"closed","ping_status":"closed","template":"","meta":{"footnotes":""},"class_list":["post-226","page","type-page","status-publish","hentry"],"blocksy_meta":[],"_links":{"self":[{"href":"https:\/\/ramante.pl\/index.php\/wp-json\/wp\/v2\/pages\/226","targetHints":{"allow":["GET"]}}],"collection":[{"href":"https:\/\/ramante.pl\/index.php\/wp-json\/wp\/v2\/pages"}],"about":[{"href":"https:\/\/ramante.pl\/index.php\/wp-json\/wp\/v2\/types\/page"}],"author":[{"embeddable":true,"href":"https:\/\/ramante.pl\/index.php\/wp-json\/wp\/v2\/users\/1"}],"replies":[{"embeddable":true,"href":"https:\/\/ramante.pl\/index.php\/wp-json\/wp\/v2\/comments?post=226"}],"version-history":[{"count":2,"href":"https:\/\/ramante.pl\/index.php\/wp-json\/wp\/v2\/pages\/226\/revisions"}],"predecessor-version":[{"id":234,"href":"https:\/\/ramante.pl\/index.php\/wp-json\/wp\/v2\/pages\/226\/revisions\/234"}],"wp:attachment":[{"href":"https:\/\/ramante.pl\/index.php\/wp-json\/wp\/v2\/media?parent=226"}],"curies":[{"name":"wp","href":"https:\/\/api.w.org\/{rel}","templated":true}]}}