{"id":203,"date":"2025-02-06T15:27:48","date_gmt":"2025-02-06T14:27:48","guid":{"rendered":"https:\/\/ramante.pl\/?page_id=203"},"modified":"2025-02-06T15:27:49","modified_gmt":"2025-02-06T14:27:49","slug":"oferta-szkoleniowa","status":"publish","type":"page","link":"https:\/\/ramante.pl\/index.php\/oferta-szkoleniowa\/","title":{"rendered":"Oferta Szkoleniowa"},"content":{"rendered":"\n<h2 class=\"wp-block-heading\"><strong>Oferta szkoleniowa \u2013 Tw\u00f3j klucz do rozwoju!<\/strong><\/h2>\n\n\n\n<div class=\"wp-block-columns is-layout-flex wp-container-core-columns-is-layout-28f84493 wp-block-columns-is-layout-flex\">\n<div class=\"wp-block-column is-layout-flow wp-block-column-is-layout-flow\">\n<p>Zapraszamy do zapoznania si\u0119 z nasz\u0105 ofert\u0105 szkoleniow\u0105, stworzon\u0105 z my\u015bl\u0105 o wsparciu rozwoju Twojej firmy lub organizacji. Proponujemy nie tylko gotowe rozwi\u0105zania, ale przede wszystkim mo\u017cliwo\u015b\u0107 stworzenia <strong>szkole\u0144 spersonalizowanych<\/strong>, idealnie dopasowanych do indywidualnych potrzeb i cel\u00f3w Twojej organizacji.<\/p>\n\n\n\n<h4 class=\"wp-block-heading\">Dlaczego warto wybra\u0107 nasze szkolenia?<\/h4>\n\n\n\n<ul class=\"wp-block-list\">\n<li><strong>Indywidualne podej\u015bcie:<\/strong> Ka\u017cde szkolenie zaczynamy od szczeg\u00f3\u0142owego audytu potrzeb, dzi\u0119ki kt\u00f3remu dok\u0142adnie rozumiemy wyzwania i oczekiwania Twojej firmy.<\/li>\n\n\n\n<li><strong>Dopasowanie do potrzeb:<\/strong> Na podstawie audytu tworzymy program, kt\u00f3ry odpowiada specyficznym wymaganiom Twojej organizacji, gwarantuj\u0105c maksymaln\u0105 efektywno\u015b\u0107.<\/li>\n\n\n\n<li><strong>Ekspercka wiedza:<\/strong> Nasi do\u015bwiadczeni trenerzy oferuj\u0105 praktyczne rozwi\u0105zania oraz wiedz\u0119, kt\u00f3ra przek\u0142ada si\u0119 na realne korzy\u015bci biznesowe.<\/li>\n\n\n\n<li><strong>Elastyczno\u015b\u0107 form:<\/strong> Oferujemy szkolenia w r\u00f3\u017cnych formatach \u2013 online, stacjonarnie oraz hybrydowo, co pozwala na pe\u0142ne dostosowanie do Twojego \u015brodowiska pracy.<\/li>\n\n\n\n<li><strong>Zwi\u0119kszenie efektywno\u015bci:<\/strong> Inwestuj\u0105c w spersonalizowane szkolenia, inwestujesz w rozw\u00f3j swojego zespo\u0142u, co przek\u0142ada si\u0119 na lepsze wyniki i sukcesy Twojej organizacji.<\/li>\n<\/ul>\n<\/div>\n\n\n\n<div class=\"wp-block-column is-layout-flow wp-block-column-is-layout-flow\">\n<figure class=\"wp-block-image size-large\"><img fetchpriority=\"high\" decoding=\"async\" width=\"1024\" height=\"736\" src=\"https:\/\/ramante.pl\/wp-content\/uploads\/2025\/02\/IMG_20241001_101518-1-1024x736.jpg\" alt=\"\" class=\"wp-image-204\" srcset=\"https:\/\/ramante.pl\/wp-content\/uploads\/2025\/02\/IMG_20241001_101518-1-1024x736.jpg 1024w, https:\/\/ramante.pl\/wp-content\/uploads\/2025\/02\/IMG_20241001_101518-1-300x216.jpg 300w, https:\/\/ramante.pl\/wp-content\/uploads\/2025\/02\/IMG_20241001_101518-1-768x552.jpg 768w, https:\/\/ramante.pl\/wp-content\/uploads\/2025\/02\/IMG_20241001_101518-1-1536x1104.jpg 1536w, https:\/\/ramante.pl\/wp-content\/uploads\/2025\/02\/IMG_20241001_101518-1-2048x1472.jpg 2048w\" sizes=\"(max-width: 1024px) 100vw, 1024px\" \/><\/figure>\n<\/div>\n<\/div>\n\n\n\n<p>Rozpocz\u0119cie wsp\u00f3\u0142pracy z nami to gwarancja, \u017ce Twoje szkolenie b\u0119dzie nie tylko inspiruj\u0105ce, ale przede wszystkim skuteczne. Zapraszamy do kontaktu \u2013 wsp\u00f3lnie zidentyfikujemy potrzeby, opracujemy strategi\u0119 dzia\u0142ania i stworzymy rozwi\u0105zanie idealnie odpowiadaj\u0105ce na wyzwania wsp\u00f3\u0142czesnego rynku.<\/p>\n\n\n\n<h2 class=\"wp-block-heading has-text-align-center\">Skorzystaj z naszej oferty i zainwestuj w rozw\u00f3j swojego zespo\u0142u ju\u017c dzi\u015b!<\/h2>\n\n\n\n<p><\/p>\n","protected":false},"excerpt":{"rendered":"<p>Oferta szkoleniowa \u2013 Tw\u00f3j klucz do rozwoju! Zapraszamy do zapoznania si\u0119 z nasz\u0105 ofert\u0105 szkoleniow\u0105, stworzon\u0105 z my\u015bl\u0105 o wsparciu rozwoju Twojej firmy lub organizacji. Proponujemy nie tylko gotowe rozwi\u0105zania, ale przede wszystkim mo\u017cliwo\u015b\u0107 stworzenia szkole\u0144 spersonalizowanych, idealnie dopasowanych do indywidualnych potrzeb i cel\u00f3w Twojej organizacji. Dlaczego warto wybra\u0107 nasze szkolenia? Rozpocz\u0119cie wsp\u00f3\u0142pracy z nami [&hellip;]<\/p>\n","protected":false},"author":1,"featured_media":0,"parent":0,"menu_order":0,"comment_status":"closed","ping_status":"closed","template":"","meta":{"footnotes":""},"class_list":["post-203","page","type-page","status-publish","hentry"],"blocksy_meta":[],"_links":{"self":[{"href":"https:\/\/ramante.pl\/index.php\/wp-json\/wp\/v2\/pages\/203","targetHints":{"allow":["GET"]}}],"collection":[{"href":"https:\/\/ramante.pl\/index.php\/wp-json\/wp\/v2\/pages"}],"about":[{"href":"https:\/\/ramante.pl\/index.php\/wp-json\/wp\/v2\/types\/page"}],"author":[{"embeddable":true,"href":"https:\/\/ramante.pl\/index.php\/wp-json\/wp\/v2\/users\/1"}],"replies":[{"embeddable":true,"href":"https:\/\/ramante.pl\/index.php\/wp-json\/wp\/v2\/comments?post=203"}],"version-history":[{"count":1,"href":"https:\/\/ramante.pl\/index.php\/wp-json\/wp\/v2\/pages\/203\/revisions"}],"predecessor-version":[{"id":205,"href":"https:\/\/ramante.pl\/index.php\/wp-json\/wp\/v2\/pages\/203\/revisions\/205"}],"wp:attachment":[{"href":"https:\/\/ramante.pl\/index.php\/wp-json\/wp\/v2\/media?parent=203"}],"curies":[{"name":"wp","href":"https:\/\/api.w.org\/{rel}","templated":true}]}}