{"id":13,"date":"2023-10-28T14:41:36","date_gmt":"2023-10-28T12:41:36","guid":{"rendered":"http:\/\/serwer174332.lh.pl\/autoinstalator\/serwer174332.lh.pl\/wordpress39728\/?page_id=13"},"modified":"2025-02-20T18:56:25","modified_gmt":"2025-02-20T17:56:25","slug":"strona-glowna","status":"publish","type":"page","link":"https:\/\/ramante.pl\/","title":{"rendered":"Strona G\u0142\u00f3wna"},"content":{"rendered":"\n<figure class=\"wp-block-image size-large is-resized\"><img fetchpriority=\"high\" decoding=\"async\" width=\"1024\" height=\"336\" src=\"http:\/\/serwer174332.lh.pl\/autoinstalator\/serwer174332.lh.pl\/wordpress39728\/wp-content\/uploads\/2023\/10\/Coaching-w-pelni-z-Michalem-baner-strona-glowna-1024x336.jpg\" alt=\"Coaching w pe\u0142ni z Micha\u0142em - baner ze zdj\u0119ciem na kt\u00f3rym Coach Micha\u0142 Miodo\u0144ski opowiada o tym jak dzia\u0142a mentoring i jak zacz\u0105\u0107 zg\u0142\u0119biac rozw\u00f3j osobisty.\" class=\"wp-image-22\" style=\"aspect-ratio:3.0476190476190474;width:1290px;height:auto\" srcset=\"https:\/\/ramante.pl\/wp-content\/uploads\/2023\/10\/Coaching-w-pelni-z-Michalem-baner-strona-glowna-1024x336.jpg 1024w, https:\/\/ramante.pl\/wp-content\/uploads\/2023\/10\/Coaching-w-pelni-z-Michalem-baner-strona-glowna-300x98.jpg 300w, https:\/\/ramante.pl\/wp-content\/uploads\/2023\/10\/Coaching-w-pelni-z-Michalem-baner-strona-glowna-768x252.jpg 768w, https:\/\/ramante.pl\/wp-content\/uploads\/2023\/10\/Coaching-w-pelni-z-Michalem-baner-strona-glowna-1536x504.jpg 1536w, https:\/\/ramante.pl\/wp-content\/uploads\/2023\/10\/Coaching-w-pelni-z-Michalem-baner-strona-glowna.jpg 1920w\" sizes=\"(max-width: 1024px) 100vw, 1024px\" \/><\/figure>\n\n\n\n<div class=\"wp-block-columns is-layout-flex wp-container-core-columns-is-layout-28f84493 wp-block-columns-is-layout-flex\">\n<div class=\"wp-block-column is-layout-flow wp-block-column-is-layout-flow\" style=\"flex-basis:33.33%\">\n<figure class=\"wp-block-image size-large\"><img decoding=\"async\" width=\"1024\" height=\"1024\" src=\"http:\/\/serwer174332.lh.pl\/autoinstalator\/serwer174332.lh.pl\/wordpress39728\/wp-content\/uploads\/2023\/10\/Coaching-w-pelni-z-Michalem-strona-glowna-1024x1024.jpg\" alt=\"Coach Micha\u0142 Miodo\u0144ski prowadzi szkolenie w zakresie mentoring i rozw\u00f3j osobisty. Promuje COaching w pe\u0142ni z Micha\u0142em.\" class=\"wp-image-23\" srcset=\"https:\/\/ramante.pl\/wp-content\/uploads\/2023\/10\/Coaching-w-pelni-z-Michalem-strona-glowna-1024x1024.jpg 1024w, https:\/\/ramante.pl\/wp-content\/uploads\/2023\/10\/Coaching-w-pelni-z-Michalem-strona-glowna-300x300.jpg 300w, https:\/\/ramante.pl\/wp-content\/uploads\/2023\/10\/Coaching-w-pelni-z-Michalem-strona-glowna-150x150.jpg 150w, https:\/\/ramante.pl\/wp-content\/uploads\/2023\/10\/Coaching-w-pelni-z-Michalem-strona-glowna-768x768.jpg 768w, https:\/\/ramante.pl\/wp-content\/uploads\/2023\/10\/Coaching-w-pelni-z-Michalem-strona-glowna.jpg 1080w\" sizes=\"(max-width: 1024px) 100vw, 1024px\" \/><\/figure>\n<\/div>\n\n\n\n<div class=\"wp-block-column is-layout-flow wp-block-column-is-layout-flow\" style=\"flex-basis:66.66%\">\n<p>Witam na mojej stronie<\/p>\n\n\n\n<p>Ciesz\u0119 si\u0119 bardzo, \u017ce zainteresowa\u0142o Ci\u0119 to co robi\u0119 &#8211; Coaching w pe\u0142ni z Micha\u0142em &#8211; i \u017ce w\u0142a\u015bnie czytasz ten tekst.<br>Mazywam si\u0119 Micha\u0142 Miodo\u0144ski i od 2011 roku zajmuj\u0119 si\u0119 zawodowo szeroko poj\u0119tym rozwoju osobistym i zawodowym. Pracuj\u0119 z klientami indywidualnie i w ma\u0142ych grupach, prowadz\u0119 szkolenie dla firm i organizacji, oraz dziel\u0119 si\u0119 moj\u0105 wiedz\u0105 ze sceny w czasie wyst\u0105pie\u0144 publicznych. Znasz takie poj\u0119cia jak &#8222;mentoring&#8221; i &#8222;rozw\u00f3j osobisty&#8221;?<\/p>\n\n\n\n<p>M\u00f3wi\u0105c o coachingu w pe\u0142ni mam na my\u015bli 4 podstawowe aspekty naszego do\u015bwiadczania:<br>1. Fizyczny<br>2. Emocjonalny<br>3. Mentalny<br>4. Duchowy<br>Ich po\u0142\u0105czenie pozwoli Ci osi\u0105gn\u0105\u0107 r\u00f3wnowag\u0119 i spe\u0142nienie osi\u0105gaj\u0105c Twoje kolejne cele osobiste i zawodowe.<\/p>\n\n\n\n<p>Moj\u0105 misj\u0105 jest bezpo\u015brednio i po\u015brednio wspiera\u0107 Ci\u0119 w osi\u0105ganiu Twoich kolejnych cel\u00f3w efektywnie i w spos\u00f3b mo\u017cliwie najprzyjemniejszy, najszybszy i naj\u0142atwiejszy.<\/p>\n<\/div>\n<\/div>\n\n\n\n<h2 class=\"wp-block-heading has-text-align-center\">Us\u0142ugi<\/h2>\n\n\n\n<div class=\"wp-block-columns is-layout-flex wp-container-core-columns-is-layout-28f84493 wp-block-columns-is-layout-flex\">\n<div class=\"wp-block-column is-layout-flow wp-block-column-is-layout-flow\">\n<h3 class=\"wp-block-heading has-text-align-center\">Coaching<\/h3>\n\n\n\n<p><a href=\"https:\/\/ramante.pl\/index.php\/coaching\/\"><strong>Coaching<\/strong> <\/a>to w uproszczeniu forma pracy wykorzystuj\u0105ca rozmaite narz\u0119dzia rozwoju osobistego i zwi\u0119kszania samo\u015bwiadomo\u015bci. Coaching mo\u017ce dotyczy\u0107 ka\u017cdego aspektu Twojego \u017cycia, a praca z coachem ma na celu popraw\u0119 obecnej sytuacji w jakiej si\u0119 znajdujesz.Twoje potrzeby, przekonania i do\u015bwiadczenia \u017cyciowe s\u0105 wyj\u0105tkowe, dlatego w naszej wsp\u00f3\u0142pracy w\u0142a\u015bnie tak zamierzam Ci\u0119 traktowa\u0107 \u2013 wyj\u0105tkowo!<\/p>\n\n\n\n<p>W pracy jako coach wykorzystuje sprawdzone narz\u0119dzie psychologiczne, naukowe, hipnoz\u0119 kliniczn\u0105 oraz wieloletnie do\u015bwiadczenie w pracy z klientami.<\/p>\n<\/div>\n\n\n\n<div class=\"wp-block-column is-layout-flow wp-block-column-is-layout-flow\">\n<h3 class=\"wp-block-heading has-text-align-center\">Mentoring<\/h3>\n\n\n\n<p><a href=\"https:\/\/ramante.pl\/index.php\/mentoring\/\"><strong>Mentoring<\/strong> <\/a>to doskona\u0142a forma prowadzenie do\u015bwiadczonych, ale ci\u0105gle rozwijaj\u0105cych si\u0119 przedsi\u0119biorc\u00f3w i mened\u017cer\u00f3w. Jako do\u015bwiadczony szkoleniowiec i specjalista najcz\u0119\u015bciej pracuj\u0119 jako mentor z leaderami, coachami, mniej do\u015bwiadczonymi szkoleniowcami i m\u00f3wcami motywacyjnymi, managerami, w\u0142a\u015bcicielami ma\u0142ych i \u015brednich film.<br>Najwi\u0119ksze do\u015bwiadczenie w pracy i zarz\u0105dzaniu pracownikami mam w bran\u017cy zdrowia oraz wellness.<\/p>\n\n\n\n<p>Pracuj\u0105c z mentorem poznasz lepiej swoje mocne strony, rozwiniesz samo\u015bwiadomo\u015b\u0107 oraz b\u0119dziesz w pe\u0142ni realizowa\u0107 Tw\u00f3j potencja\u0142.<\/p>\n<\/div>\n\n\n\n<div class=\"wp-block-column is-layout-flow wp-block-column-is-layout-flow\">\n<h3 class=\"wp-block-heading has-text-align-center\">Biznes<\/h3>\n\n\n\n<p><a href=\"https:\/\/ramante.pl\/index.php\/biznes\/\"><strong>Biznes<\/strong> <\/a>mo\u017ce by\u0107 rozumiany na r\u00f3\u017cne sposoby, co jest jednak charakterystyczne dla wszystkich typ\u00f3w dzia\u0142alno\u015bci biznesowej, to ch\u0119\u0107 osi\u0105gni\u0119cia jak najwi\u0119kszego zysku (zwrotu z inwestycji). Moim klientom biznesowym pomagam przeanalizowa\u0107 efektywno\u015b\u0107 ich biznes\u00f3w, a nast\u0119pnie za pomoc\u0105 odpowiedniej strategii i efektywnych narz\u0119dzi biznesowych,zwi\u0119kszyc efektywno\u015b\u0107.<\/p>\n\n\n\n<p>Najcz\u0119\u015bciej pracuj\u0119 z niezale\u017cnymi przedsi\u0119biorcami oraz ma\u0142ymi i \u015brednimi firmami. Prowadz\u0119 r\u00f3wnie\u017c szkolenia tematyczne dla organizacji oraz du\u017cych przedsi\u0119biorstw.<\/p>\n<\/div>\n<\/div>\n\n\n\n<h2 class=\"wp-block-heading has-text-align-center\">O mnie<\/h2>\n\n\n\n<div class=\"wp-block-columns is-layout-flex wp-container-core-columns-is-layout-28f84493 wp-block-columns-is-layout-flex\">\n<div class=\"wp-block-column is-layout-flow wp-block-column-is-layout-flow\" style=\"flex-basis:66.66%\">\n<p>Moja historia zaczyna si\u0119 w wieku 6 lat, kiedy to m\u00f3j tata we w\u0142a\u015bciwej chwili stan\u0105\u0142 dla mnie w roli mentora. Po rozmowie na temat moich plan\u00f3w \u017cyciowych i zawodowych, ustalili\u015bmy kolejne cele i strategi\u0119 ich realizacji. Plan si\u0119 powi\u00f3d\u0142! Zastanawiasz si\u0119 pewnie, jak ja to pami\u0119tam? Ot\u00f3\u017c nie pami\u0119tam. Na szcz\u0119\u015bcie tata pami\u0119ta\u0142, a w atmosferze wsparcia rodzinnego cz\u0119sto wracali\u015bmy do tej rozmowy, dzi\u0119ki czemu mog\u0142em ten plan realizowa\u0107.<\/p>\n\n\n\n<p>Kolejnym znacz\u0105cym momentem na \u015bcie\u017cce mojego rozwoju, jak to przysta\u0142o na praktyka samorozwoju, by\u0142 zakup ksi\u0105\u017cki! Tu do dzia\u0142ania wkroczy\u0142a moja mama, kt\u00f3ra t\u0105 ksi\u0105\u017ck\u0119 dla mnie kupi\u0142a i wspar\u0142a mnie w praktykowaniu tajemnej wiedzy w niej zawartej. Zastanawiasz si\u0119 pewnie, co to za ksi\u0105\u017cka!? Ch\u0119tnie opowiem Ci ca\u0142\u0105 histori\u0119 jej zakupu osobi\u015bcie.<br>Co wa\u017cne, dzi\u0119ki \u015bwiadomo\u015bci moich rodzic\u00f3w zobaczy\u0142em, \u017ce mam wp\u0142yw na zmian\u0119 mojego \u017cycia na lepsze, a dzi\u0119ki ich wsparciu, zacz\u0105\u0142em robi\u0107 post\u0119py.<br>Nast\u0119pnie by\u0142a ca\u0142y szereg ksi\u0105\u017cek, do\u015bwiadcze\u0144 osobistych, pracy zawodowej, pracy z moimi mentorami i coachami, a\u017c w ko\u0144cu podj\u0105\u0142em decyzj\u0119 o pracy w pe\u0142nym wymiarze godzin jako trener rozwoju osobistego i zawodowego.<\/p>\n\n\n\n<p>Osobi\u015bcie jestem (i to dok\u0142adnie w tej kolejno\u015bci): synem, bratem, partnerem i ojcem, kt\u00f3ry spe\u0142nia si\u0119 w ka\u017cdej z tych r\u00f3l. Lubi\u0119 \u017cy\u0107 zdrowo i aktywnie, studiowa\u0107 i czyta\u0107 o osi\u0105gni\u0119ciach i odkryciach innych ludzi, inspirowa\u0107 i by\u0107 inspirowanym zar\u00f3wno przez najbli\u017cszych, jak i nieznajomych.<br>Jestem r\u00f3wnie\u017c fanem, propagatorem i praktykiem edukacji domowej.<\/p>\n<\/div>\n\n\n\n<div class=\"wp-block-column is-layout-flow wp-block-column-is-layout-flow\" style=\"flex-basis:33.33%\">\n<figure class=\"wp-block-image aligncenter size-large\"><img decoding=\"async\" width=\"1024\" height=\"1024\" src=\"http:\/\/serwer174332.lh.pl\/autoinstalator\/serwer174332.lh.pl\/wordpress39728\/wp-content\/uploads\/2023\/10\/Coaching-w-pelni-z-Michalem-stron-glowna-o-mnie-1024x1024.jpg\" alt=\"Coach Micha\u0142 Miodo\u0144ski prowadzi szkolenie w zakresie mentoring i rozw\u00f3j osobisty. Promuje COaching w pe\u0142ni z Micha\u0142em.\" class=\"wp-image-26\" srcset=\"https:\/\/ramante.pl\/wp-content\/uploads\/2023\/10\/Coaching-w-pelni-z-Michalem-stron-glowna-o-mnie-1024x1024.jpg 1024w, https:\/\/ramante.pl\/wp-content\/uploads\/2023\/10\/Coaching-w-pelni-z-Michalem-stron-glowna-o-mnie-300x300.jpg 300w, https:\/\/ramante.pl\/wp-content\/uploads\/2023\/10\/Coaching-w-pelni-z-Michalem-stron-glowna-o-mnie-150x150.jpg 150w, https:\/\/ramante.pl\/wp-content\/uploads\/2023\/10\/Coaching-w-pelni-z-Michalem-stron-glowna-o-mnie-768x768.jpg 768w, https:\/\/ramante.pl\/wp-content\/uploads\/2023\/10\/Coaching-w-pelni-z-Michalem-stron-glowna-o-mnie.jpg 1080w\" sizes=\"(max-width: 1024px) 100vw, 1024px\" \/><\/figure>\n<\/div>\n<\/div>\n","protected":false},"excerpt":{"rendered":"<p>Witam na mojej stronie Ciesz\u0119 si\u0119 bardzo, \u017ce zainteresowa\u0142o Ci\u0119 to co robi\u0119 &#8211; Coaching w pe\u0142ni z Micha\u0142em &#8211; i \u017ce w\u0142a\u015bnie czytasz ten tekst.Mazywam si\u0119 Micha\u0142 Miodo\u0144ski i od 2011 roku zajmuj\u0119 si\u0119 zawodowo szeroko poj\u0119tym rozwoju osobistym i zawodowym. Pracuj\u0119 z klientami indywidualnie i w ma\u0142ych grupach, prowadz\u0119 szkolenie dla firm i [&hellip;]<\/p>\n","protected":false},"author":1,"featured_media":0,"parent":0,"menu_order":0,"comment_status":"closed","ping_status":"closed","template":"","meta":{"footnotes":""},"class_list":["post-13","page","type-page","status-publish","hentry"],"blocksy_meta":{"has_hero_section":"enabled","hero_elements":[{"id":"custom_title","enabled":true,"heading_tag":"h1","title":"Strona g\u0142\u00f3wna","__id":"6Woo0uldZszG2oF0MCHT8"},{"id":"custom_description","enabled":true,"description_visibility":{"desktop":true,"tablet":true,"mobile":false},"__id":"L3SlKsPxAAQY_Xn75C68G"},{"id":"custom_meta","enabled":false,"meta_elements":[{"id":"author","enabled":true,"label":"Przez","has_author_avatar":"yes","avatar_size":25},{"id":"post_date","enabled":true,"label":"W\u0142\u0105cz","date_format_source":"default","date_format":"M j, Y"},{"id":"updated_date","enabled":false,"label":"W\u0142\u0105cz","date_format_source":"default","date_format":"M j, Y"},{"id":"categories","enabled":false,"label":"W","style":"simple"},{"id":"comments","enabled":true}],"page_meta_elements":{"joined":true,"articles_count":true,"comments":true},"__id":"WA8n3kkhMXhWO_ETSFNAe"},{"id":"breadcrumbs","enabled":false,"__id":"ek_DPuP--_F97h6l0vdLz"}],"styles_descriptor":{"styles":{"desktop":"[data-prefix=\"single_page\"] .entry-header .page-title {--theme-font-size:30px;} [data-prefix=\"single_page\"] .entry-header .entry-meta {--theme-font-weight:600;--theme-text-transform:uppercase;--theme-font-size:12px;--theme-line-height:1.3;}","tablet":"","mobile":""},"google_fonts":[],"version":6}},"_links":{"self":[{"href":"https:\/\/ramante.pl\/index.php\/wp-json\/wp\/v2\/pages\/13","targetHints":{"allow":["GET"]}}],"collection":[{"href":"https:\/\/ramante.pl\/index.php\/wp-json\/wp\/v2\/pages"}],"about":[{"href":"https:\/\/ramante.pl\/index.php\/wp-json\/wp\/v2\/types\/page"}],"author":[{"embeddable":true,"href":"https:\/\/ramante.pl\/index.php\/wp-json\/wp\/v2\/users\/1"}],"replies":[{"embeddable":true,"href":"https:\/\/ramante.pl\/index.php\/wp-json\/wp\/v2\/comments?post=13"}],"version-history":[{"count":7,"href":"https:\/\/ramante.pl\/index.php\/wp-json\/wp\/v2\/pages\/13\/revisions"}],"predecessor-version":[{"id":251,"href":"https:\/\/ramante.pl\/index.php\/wp-json\/wp\/v2\/pages\/13\/revisions\/251"}],"wp:attachment":[{"href":"https:\/\/ramante.pl\/index.php\/wp-json\/wp\/v2\/media?parent=13"}],"curies":[{"name":"wp","href":"https:\/\/api.w.org\/{rel}","templated":true}]}}